{"id":5689,"date":"2025-04-30T09:53:21","date_gmt":"2025-04-30T09:53:21","guid":{"rendered":"https:\/\/www.one66hotel.com\/\/dogodki\/poslovni-dogodki\/poslovna-potovanja\/"},"modified":"2025-06-03T15:10:19","modified_gmt":"2025-06-03T13:10:19","slug":"poslovna-potovanja","status":"publish","type":"page","link":"https:\/\/www.one66hotel.com\/sl\/dogodki\/poslovni-dogodki\/poslovna-potovanja\/","title":{"rendered":"Poslovna potovanja"},"content":{"rendered":"\t\t<div data-elementor-type=\"wp-page\" data-elementor-id=\"5689\" class=\"elementor elementor-5689 elementor-2962\" data-elementor-post-type=\"page\">\n\t\t\t\t<section class=\"elementor-element elementor-element-35261d5 e-flex e-con-boxed e-con e-parent\" data-id=\"35261d5\" data-element_type=\"container\" data-e-type=\"container\" data-settings=\"{&quot;jet_parallax_layout_list&quot;:[]}\">\n\t\t\t\t\t<div class=\"e-con-inner\">\n\t\t\t\t<div class=\"elementor-element elementor-element-42c8b74 elementor-widget elementor-widget-jet-engine-component-3036\" data-id=\"42c8b74\" data-element_type=\"widget\" data-e-type=\"widget\" data-widget_type=\"jet-engine-component-3036.default\">\n\t\t\t\t<div class=\"elementor-widget-container\">\n\t\t\t\t\t<style>.elementor-5793 .elementor-element.elementor-element-7e9c91f{--display:flex;--flex-direction:row;--container-widget-width:initial;--container-widget-height:100%;--container-widget-flex-grow:1;--container-widget-align-self:stretch;--flex-wrap-mobile:wrap;--gap:0% 9%;--row-gap:0%;--column-gap:9%;--border-radius:0px 0px 0px 0px;--padding-top:7rem;--padding-bottom:7rem;--padding-left:0rem;--padding-right:0rem;}.elementor-5793 .elementor-element.elementor-element-a683491 img{width:100%;height:100%;object-fit:cover;object-position:center center;}.elementor-5793 .elementor-element.elementor-element-a683491{width:var( --container-widget-width, 41% );max-width:41%;--container-widget-width:41%;--container-widget-flex-grow:0;}.elementor-5793 .elementor-element.elementor-element-0818207{--display:flex;--flex-direction:column;--container-widget-width:calc( ( 1 - var( --container-widget-flex-grow ) ) * 100% );--container-widget-height:initial;--container-widget-flex-grow:0;--container-widget-align-self:initial;--flex-wrap-mobile:wrap;--justify-content:center;--align-items:flex-start;--gap:2.5rem 0rem;--row-gap:2.5rem;--column-gap:0rem;}.elementor-5793 .elementor-element.elementor-element-13b5883{--display:flex;--flex-direction:row;--container-widget-width:initial;--container-widget-height:100%;--container-widget-flex-grow:1;--container-widget-align-self:stretch;--flex-wrap-mobile:wrap;}.elementor-5793 .elementor-element.elementor-element-600ddb3 > .elementor-widget-container{margin:0px 8px 0px 0px;}@media(min-width:768px){.elementor-5793 .elementor-element.elementor-element-0818207{--width:42%;}}@media(max-width:1024px){.elementor-5793 .elementor-element.elementor-element-7e9c91f{--padding-top:5.6rem;--padding-bottom:5.6rem;--padding-left:0rem;--padding-right:0rem;}}@media(max-width:767px){.elementor-5793 .elementor-element.elementor-element-7e9c91f{--gap:3rem 0rem;--row-gap:3rem;--column-gap:0rem;--padding-top:4rem;--padding-bottom:4rem;--padding-left:0rem;--padding-right:0rem;}.elementor-5793 .elementor-element.elementor-element-a683491 img{height:350px;}.elementor-5793 .elementor-element.elementor-element-a683491{--container-widget-width:100%;--container-widget-flex-grow:0;width:var( --container-widget-width, 100% );max-width:100%;}.elementor-5793 .elementor-element.elementor-element-0818207{--gap:1.5rem 0rem;--row-gap:1.5rem;--column-gap:0rem;}.elementor-5793 .elementor-element.elementor-element-13b5883{--gap:8px 8px;--row-gap:8px;--column-gap:8px;}.elementor-5793 .elementor-element.elementor-element-600ddb3 > .elementor-widget-container{margin:0px 0px 0px 0px;}.elementor-5793 .elementor-element.elementor-element-600ddb3.elementor-element{--order:99999 \/* order end hack *\/;}}\/* Start custom CSS for image, class: .elementor-element-a683491 *\/.elementor-5793 .elementor-element.elementor-element-a683491 img{\n    aspect-ratio: 1 \/ 1;\n}\/* End custom CSS *\/\n\/* Start custom CSS for button, class: .elementor-element-600ddb3 *\/.elementor-5793 .elementor-element.elementor-element-600ddb3:before{\n    display: none !important;\n}\/* End custom CSS *\/\n\/* Start custom CSS for button, class: .elementor-element-860783e *\/.elementor-5793 .elementor-element.elementor-element-860783e:before{\n    display: none !important;\n}\/* End custom CSS *\/<\/style>\t\t<div data-elementor-type=\"jet-listing-items\" data-elementor-id=\"5793\" class=\"elementor elementor-5793 elementor-3036\" data-elementor-post-type=\"jet-engine\">\n\t\t\t\t<section class=\"elementor-element elementor-element-7e9c91f e-flex e-con-boxed e-con e-parent\" data-id=\"7e9c91f\" data-element_type=\"container\" data-e-type=\"container\" data-settings=\"{&quot;jet_parallax_layout_list&quot;:[]}\">\n\t\t\t\t\t<div class=\"e-con-inner\">\n\t\t\t\t<div class=\"elementor-element elementor-element-a683491 elementor-widget__width-initial elementor-widget elementor-widget-image\" data-id=\"a683491\" data-element_type=\"widget\" data-e-type=\"widget\" data-widget_type=\"image.default\">\n\t\t\t\t<div class=\"elementor-widget-container\">\n\t\t\t\t\t\t\t\t\t\t\t\t\t\t\t<img fetchpriority=\"high\" decoding=\"async\" width=\"755\" height=\"755\" src=\"https:\/\/www.one66hotel.com\/wp-content\/uploads\/One66_burgers-11_foto_Marko_Delbello_Ocepek_-1.webp\" class=\"attachment-large size-large wp-image-5097\" alt=\"\" srcset=\"https:\/\/www.one66hotel.com\/wp-content\/uploads\/One66_burgers-11_foto_Marko_Delbello_Ocepek_-1.webp 755w, https:\/\/www.one66hotel.com\/wp-content\/uploads\/One66_burgers-11_foto_Marko_Delbello_Ocepek_-1-300x300.webp 300w, https:\/\/www.one66hotel.com\/wp-content\/uploads\/One66_burgers-11_foto_Marko_Delbello_Ocepek_-1-150x150.webp 150w\" sizes=\"(max-width: 755px) 100vw, 755px\" \/>\t\t\t\t\t\t\t\t\t\t\t\t\t\t\t<\/div>\n\t\t\t\t<\/div>\n\t\t<div class=\"elementor-element elementor-element-0818207 e-con-full e-flex e-con e-child\" data-id=\"0818207\" data-element_type=\"container\" data-e-type=\"container\" data-settings=\"{&quot;jet_parallax_layout_list&quot;:[]}\">\n\t\t\t\t<div class=\"elementor-element elementor-element-42eac9b elementor-widget elementor-widget-heading\" data-id=\"42eac9b\" data-element_type=\"widget\" data-e-type=\"widget\" data-widget_type=\"heading.default\">\n\t\t\t\t<div class=\"elementor-widget-container\">\n\t\t\t\t\t<h4 class=\"elementor-heading-title elementor-size-default\">Slu\u017ebena pot, ki di\u0161i po dopustu<\/h4>\t\t\t\t<\/div>\n\t\t\t\t<\/div>\n\t\t\t\t<div class=\"elementor-element elementor-element-e921f55 elementor-widget elementor-widget-text-editor\" data-id=\"e921f55\" data-element_type=\"widget\" data-e-type=\"widget\" data-widget_type=\"text-editor.default\">\n\t\t\t\t<div class=\"elementor-widget-container\">\n\t\t\t\t\t\t\t\t\tVerjamemo, da bi moralo biti <b>poslovno potovanje nagrada<\/b> samo po sebi. Zato pri nas dobite veliko <b>ve\u010d kot le prostor za spanje<\/b>. Na\u0161 <b>izstopajo\u010d dizajn<\/b>, prostorne sobe in premi\u0161ljeni detajli poskrbijo, da je vsako bivanje nekaj posebnega. Prilagodljivi coworking prostori in zasebne sobe za sestanke omogo\u010dajo enostavno in u\u010dinkovito delo, hkrati pa lokacija gostom ponuja hiter dostop do top koti\u010dkov Ljubljane.    <br><br>Na\u0161a ekipa vam je vedno na voljo s prilagojenimi nasveti, priporo\u010dili in organizacijo, da se vsak gost po\u010duti kot VIP.\t\t\t\t\t\t\t\t<\/div>\n\t\t\t\t<\/div>\n\t\t<div class=\"elementor-element elementor-element-13b5883 e-con-full e-flex e-con e-child\" data-id=\"13b5883\" data-element_type=\"container\" data-e-type=\"container\" data-settings=\"{&quot;jet_parallax_layout_list&quot;:[]}\">\n\t\t\t\t<div class=\"elementor-element elementor-element-600ddb3 button-arrow jedv-enabled--yes elementor-widget elementor-widget-button\" data-id=\"600ddb3\" data-element_type=\"widget\" data-e-type=\"widget\" id=\"#inquiry-popup-open\" data-widget_type=\"button.default\">\n\t\t\t\t<div class=\"elementor-widget-container\">\n\t\t\t\t\t\t\t\t\t<div class=\"elementor-button-wrapper\">\n\t\t\t\t\t<a class=\"elementor-button elementor-button-link elementor-size-sm\" href=\"#elementor-action%3Aaction%3Dpopup%3Aopen%26settings%3DeyJpZCI6NTY3MiwidG9nZ2xlIjpmYWxzZX0%3D\">\n\t\t\t\t\t\t<span class=\"elementor-button-content-wrapper\">\n\t\t\t\t\t\t\t\t\t<span class=\"elementor-button-text\">po\u0161ljite povpra\u0161evanje<\/span>\n\t\t\t\t\t<\/span>\n\t\t\t\t\t<\/a>\n\t\t\t\t<\/div>\n\t\t\t\t\t\t\t\t<\/div>\n\t\t\t\t<\/div>\n\t\t\t\t<div class=\"elementor-element elementor-element-860783e button-arrow jedv-enabled--yes elementor-widget elementor-widget-button\" data-id=\"860783e\" data-element_type=\"widget\" data-e-type=\"widget\" data-widget_type=\"button.default\">\n\t\t\t\t<div class=\"elementor-widget-container\">\n\t\t\t\t\t\t\t\t\t<div class=\"elementor-button-wrapper\">\n\t\t\t\t\t<a class=\"elementor-button elementor-button-link elementor-size-sm\" href=\"https:\/\/www.one66hotel.com\/events\/spaces\/\">\n\t\t\t\t\t\t<span class=\"elementor-button-content-wrapper\">\n\t\t\t\t\t\t\t\t\t<span class=\"elementor-button-text\">na\u0161i prostori<\/span>\n\t\t\t\t\t<\/span>\n\t\t\t\t\t<\/a>\n\t\t\t\t<\/div>\n\t\t\t\t\t\t\t\t<\/div>\n\t\t\t\t<\/div>\n\t\t\t\t<\/div>\n\t\t\t\t<\/div>\n\t\t\t\t\t<\/div>\n\t\t\t\t<\/section>\n\t\t\t\t<\/div>\n\t\t\t\t\t\t<\/div>\n\t\t\t\t<\/div>\n\t\t\t\t\t<\/div>\n\t\t\t\t<\/section>\n\t\t\t\t<\/div>\n\t\t","protected":false},"excerpt":{"rendered":"<p>Zakaj bi bila poslovna pot le \u0161e eno bivanje, \u010de je lahko nekaj posebnega? Z izstopajo\u010dim dizajnom, prilagodljivimi delovnimi prostori in ekipo, ki Ljubljano pozna do potankosti, One66 poskrbi, da vsako bivanje prese\u017ee obi\u010dajno poslovno pot.<\/p>\n","protected":false},"author":1,"featured_media":5094,"parent":5637,"menu_order":0,"comment_status":"closed","ping_status":"closed","template":"","meta":{"footnotes":""},"class_list":["post-5689","page","type-page","status-publish","has-post-thumbnail","hentry"],"yoast_head":"<!-- This site is optimized with the Yoast SEO plugin v26.9 - https:\/\/yoast.com\/product\/yoast-seo-wordpress\/ -->\n<title>Poslovna potovanja - One66 - Poslovna potovanja kot nagrada<\/title>\n<meta name=\"description\" content=\"Naj poslovno potovanje postane nagrada \u2014 bivajte v One66, kjer vas pri\u010dakuje drzen dizajn, prilagodljivi delovni prostori in lokalni vpogledi v Ljubljani.\" \/>\n<meta name=\"robots\" content=\"index, follow, max-snippet:-1, max-image-preview:large, max-video-preview:-1\" \/>\n<link rel=\"canonical\" href=\"https:\/\/www.one66hotel.com\/sl\/dogodki\/poslovni-dogodki\/poslovna-potovanja\/\" \/>\n<meta property=\"og:locale\" content=\"sl_SI\" \/>\n<meta property=\"og:type\" content=\"article\" \/>\n<meta property=\"og:title\" content=\"Poslovna potovanja - One66 - Poslovna potovanja kot nagrada\" \/>\n<meta property=\"og:description\" content=\"Naj poslovno potovanje postane nagrada \u2014 bivajte v One66, kjer vas pri\u010dakuje drzen dizajn, prilagodljivi delovni prostori in lokalni vpogledi v Ljubljani.\" \/>\n<meta property=\"og:url\" content=\"https:\/\/www.one66hotel.com\/sl\/dogodki\/poslovni-dogodki\/poslovna-potovanja\/\" \/>\n<meta property=\"og:site_name\" content=\"One66\" \/>\n<meta property=\"article:publisher\" content=\"https:\/\/www.facebook.com\/one66hotel\/\" \/>\n<meta property=\"article:modified_time\" content=\"2025-06-03T13:10:19+00:00\" \/>\n<meta property=\"og:image\" content=\"https:\/\/www.one66hotel.com\/wp-content\/uploads\/One66_burgers-17_foto_Marko_Delbello_Ocepek_-1.webp\" \/>\n\t<meta property=\"og:image:width\" content=\"1920\" \/>\n\t<meta property=\"og:image:height\" content=\"520\" \/>\n\t<meta property=\"og:image:type\" content=\"image\/webp\" \/>\n<meta name=\"twitter:card\" content=\"summary_large_image\" \/>\n<script type=\"application\/ld+json\" class=\"yoast-schema-graph\">{\"@context\":\"https:\/\/schema.org\",\"@graph\":[{\"@type\":\"WebPage\",\"@id\":\"https:\/\/www.one66hotel.com\/sl\/dogodki\/poslovni-dogodki\/poslovna-potovanja\/\",\"url\":\"https:\/\/www.one66hotel.com\/sl\/dogodki\/poslovni-dogodki\/poslovna-potovanja\/\",\"name\":\"Poslovna potovanja - One66 - Poslovna potovanja kot nagrada\",\"isPartOf\":{\"@id\":\"https:\/\/www.one66hotel.com\/sl\/#website\"},\"primaryImageOfPage\":{\"@id\":\"https:\/\/www.one66hotel.com\/sl\/dogodki\/poslovni-dogodki\/poslovna-potovanja\/#primaryimage\"},\"image\":{\"@id\":\"https:\/\/www.one66hotel.com\/sl\/dogodki\/poslovni-dogodki\/poslovna-potovanja\/#primaryimage\"},\"thumbnailUrl\":\"https:\/\/www.one66hotel.com\/wp-content\/uploads\/One66_burgers-17_foto_Marko_Delbello_Ocepek_-1.webp\",\"datePublished\":\"2025-04-30T09:53:21+00:00\",\"dateModified\":\"2025-06-03T13:10:19+00:00\",\"description\":\"Naj poslovno potovanje postane nagrada \u2014 bivajte v One66, kjer vas pri\u010dakuje drzen dizajn, prilagodljivi delovni prostori in lokalni vpogledi v Ljubljani.\",\"breadcrumb\":{\"@id\":\"https:\/\/www.one66hotel.com\/sl\/dogodki\/poslovni-dogodki\/poslovna-potovanja\/#breadcrumb\"},\"inLanguage\":\"sl-SI\",\"potentialAction\":[{\"@type\":\"ReadAction\",\"target\":[\"https:\/\/www.one66hotel.com\/sl\/dogodki\/poslovni-dogodki\/poslovna-potovanja\/\"]}]},{\"@type\":\"ImageObject\",\"inLanguage\":\"sl-SI\",\"@id\":\"https:\/\/www.one66hotel.com\/sl\/dogodki\/poslovni-dogodki\/poslovna-potovanja\/#primaryimage\",\"url\":\"https:\/\/www.one66hotel.com\/wp-content\/uploads\/One66_burgers-17_foto_Marko_Delbello_Ocepek_-1.webp\",\"contentUrl\":\"https:\/\/www.one66hotel.com\/wp-content\/uploads\/One66_burgers-17_foto_Marko_Delbello_Ocepek_-1.webp\",\"width\":1920,\"height\":520},{\"@type\":\"BreadcrumbList\",\"@id\":\"https:\/\/www.one66hotel.com\/sl\/dogodki\/poslovni-dogodki\/poslovna-potovanja\/#breadcrumb\",\"itemListElement\":[{\"@type\":\"ListItem\",\"position\":1,\"name\":\"Home\",\"item\":\"https:\/\/www.one66hotel.com\/sl\/\"},{\"@type\":\"ListItem\",\"position\":2,\"name\":\"Dogodki\",\"item\":\"https:\/\/www.one66hotel.com\/sl\/dogodki\/\"},{\"@type\":\"ListItem\",\"position\":3,\"name\":\"Poslovni dogodki\",\"item\":\"https:\/\/www.one66hotel.com\/sl\/dogodki\/poslovni-dogodki\/\"},{\"@type\":\"ListItem\",\"position\":4,\"name\":\"Poslovna potovanja\"}]},{\"@type\":\"WebSite\",\"@id\":\"https:\/\/www.one66hotel.com\/sl\/#website\",\"url\":\"https:\/\/www.one66hotel.com\/sl\/\",\"name\":\"One66 Hotel\",\"description\":\"New and modern hotel in Ljubljana, Slovenia\",\"publisher\":{\"@id\":\"https:\/\/www.one66hotel.com\/sl\/#organization\"},\"alternateName\":\"One66\",\"potentialAction\":[{\"@type\":\"SearchAction\",\"target\":{\"@type\":\"EntryPoint\",\"urlTemplate\":\"https:\/\/www.one66hotel.com\/sl\/?s={search_term_string}\"},\"query-input\":{\"@type\":\"PropertyValueSpecification\",\"valueRequired\":true,\"valueName\":\"search_term_string\"}}],\"inLanguage\":\"sl-SI\"},{\"@type\":\"Organization\",\"@id\":\"https:\/\/www.one66hotel.com\/sl\/#organization\",\"name\":\"One66\",\"alternateName\":\"One66 Hotel\",\"url\":\"https:\/\/www.one66hotel.com\/sl\/\",\"logo\":{\"@type\":\"ImageObject\",\"inLanguage\":\"sl-SI\",\"@id\":\"https:\/\/www.one66hotel.com\/sl\/#\/schema\/logo\/image\/\",\"url\":\"https:\/\/www.one66hotel.com\/wp-content\/uploads\/one66-logo-header.png\",\"contentUrl\":\"https:\/\/www.one66hotel.com\/wp-content\/uploads\/one66-logo-header.png\",\"width\":350,\"height\":219,\"caption\":\"One66\"},\"image\":{\"@id\":\"https:\/\/www.one66hotel.com\/sl\/#\/schema\/logo\/image\/\"},\"sameAs\":[\"https:\/\/www.facebook.com\/one66hotel\/\",\"https:\/\/www.instagram.com\/one66_hotel\/\",\"https:\/\/www.tiktok.com\/@one66hotel\"]}]}<\/script>\n<!-- \/ Yoast SEO plugin. -->","yoast_head_json":{"title":"Poslovna potovanja - One66 - Poslovna potovanja kot nagrada","description":"Naj poslovno potovanje postane nagrada \u2014 bivajte v One66, kjer vas pri\u010dakuje drzen dizajn, prilagodljivi delovni prostori in lokalni vpogledi v Ljubljani.","robots":{"index":"index","follow":"follow","max-snippet":"max-snippet:-1","max-image-preview":"max-image-preview:large","max-video-preview":"max-video-preview:-1"},"canonical":"https:\/\/www.one66hotel.com\/sl\/dogodki\/poslovni-dogodki\/poslovna-potovanja\/","og_locale":"sl_SI","og_type":"article","og_title":"Poslovna potovanja - One66 - Poslovna potovanja kot nagrada","og_description":"Naj poslovno potovanje postane nagrada \u2014 bivajte v One66, kjer vas pri\u010dakuje drzen dizajn, prilagodljivi delovni prostori in lokalni vpogledi v Ljubljani.","og_url":"https:\/\/www.one66hotel.com\/sl\/dogodki\/poslovni-dogodki\/poslovna-potovanja\/","og_site_name":"One66","article_publisher":"https:\/\/www.facebook.com\/one66hotel\/","article_modified_time":"2025-06-03T13:10:19+00:00","og_image":[{"width":1920,"height":520,"url":"https:\/\/www.one66hotel.com\/wp-content\/uploads\/One66_burgers-17_foto_Marko_Delbello_Ocepek_-1.webp","type":"image\/webp"}],"twitter_card":"summary_large_image","schema":{"@context":"https:\/\/schema.org","@graph":[{"@type":"WebPage","@id":"https:\/\/www.one66hotel.com\/sl\/dogodki\/poslovni-dogodki\/poslovna-potovanja\/","url":"https:\/\/www.one66hotel.com\/sl\/dogodki\/poslovni-dogodki\/poslovna-potovanja\/","name":"Poslovna potovanja - One66 - Poslovna potovanja kot nagrada","isPartOf":{"@id":"https:\/\/www.one66hotel.com\/sl\/#website"},"primaryImageOfPage":{"@id":"https:\/\/www.one66hotel.com\/sl\/dogodki\/poslovni-dogodki\/poslovna-potovanja\/#primaryimage"},"image":{"@id":"https:\/\/www.one66hotel.com\/sl\/dogodki\/poslovni-dogodki\/poslovna-potovanja\/#primaryimage"},"thumbnailUrl":"https:\/\/www.one66hotel.com\/wp-content\/uploads\/One66_burgers-17_foto_Marko_Delbello_Ocepek_-1.webp","datePublished":"2025-04-30T09:53:21+00:00","dateModified":"2025-06-03T13:10:19+00:00","description":"Naj poslovno potovanje postane nagrada \u2014 bivajte v One66, kjer vas pri\u010dakuje drzen dizajn, prilagodljivi delovni prostori in lokalni vpogledi v Ljubljani.","breadcrumb":{"@id":"https:\/\/www.one66hotel.com\/sl\/dogodki\/poslovni-dogodki\/poslovna-potovanja\/#breadcrumb"},"inLanguage":"sl-SI","potentialAction":[{"@type":"ReadAction","target":["https:\/\/www.one66hotel.com\/sl\/dogodki\/poslovni-dogodki\/poslovna-potovanja\/"]}]},{"@type":"ImageObject","inLanguage":"sl-SI","@id":"https:\/\/www.one66hotel.com\/sl\/dogodki\/poslovni-dogodki\/poslovna-potovanja\/#primaryimage","url":"https:\/\/www.one66hotel.com\/wp-content\/uploads\/One66_burgers-17_foto_Marko_Delbello_Ocepek_-1.webp","contentUrl":"https:\/\/www.one66hotel.com\/wp-content\/uploads\/One66_burgers-17_foto_Marko_Delbello_Ocepek_-1.webp","width":1920,"height":520},{"@type":"BreadcrumbList","@id":"https:\/\/www.one66hotel.com\/sl\/dogodki\/poslovni-dogodki\/poslovna-potovanja\/#breadcrumb","itemListElement":[{"@type":"ListItem","position":1,"name":"Home","item":"https:\/\/www.one66hotel.com\/sl\/"},{"@type":"ListItem","position":2,"name":"Dogodki","item":"https:\/\/www.one66hotel.com\/sl\/dogodki\/"},{"@type":"ListItem","position":3,"name":"Poslovni dogodki","item":"https:\/\/www.one66hotel.com\/sl\/dogodki\/poslovni-dogodki\/"},{"@type":"ListItem","position":4,"name":"Poslovna potovanja"}]},{"@type":"WebSite","@id":"https:\/\/www.one66hotel.com\/sl\/#website","url":"https:\/\/www.one66hotel.com\/sl\/","name":"One66 Hotel","description":"New and modern hotel in Ljubljana, Slovenia","publisher":{"@id":"https:\/\/www.one66hotel.com\/sl\/#organization"},"alternateName":"One66","potentialAction":[{"@type":"SearchAction","target":{"@type":"EntryPoint","urlTemplate":"https:\/\/www.one66hotel.com\/sl\/?s={search_term_string}"},"query-input":{"@type":"PropertyValueSpecification","valueRequired":true,"valueName":"search_term_string"}}],"inLanguage":"sl-SI"},{"@type":"Organization","@id":"https:\/\/www.one66hotel.com\/sl\/#organization","name":"One66","alternateName":"One66 Hotel","url":"https:\/\/www.one66hotel.com\/sl\/","logo":{"@type":"ImageObject","inLanguage":"sl-SI","@id":"https:\/\/www.one66hotel.com\/sl\/#\/schema\/logo\/image\/","url":"https:\/\/www.one66hotel.com\/wp-content\/uploads\/one66-logo-header.png","contentUrl":"https:\/\/www.one66hotel.com\/wp-content\/uploads\/one66-logo-header.png","width":350,"height":219,"caption":"One66"},"image":{"@id":"https:\/\/www.one66hotel.com\/sl\/#\/schema\/logo\/image\/"},"sameAs":["https:\/\/www.facebook.com\/one66hotel\/","https:\/\/www.instagram.com\/one66_hotel\/","https:\/\/www.tiktok.com\/@one66hotel"]}]}},"_links":{"self":[{"href":"https:\/\/www.one66hotel.com\/sl\/wp-json\/wp\/v2\/pages\/5689","targetHints":{"allow":["GET"]}}],"collection":[{"href":"https:\/\/www.one66hotel.com\/sl\/wp-json\/wp\/v2\/pages"}],"about":[{"href":"https:\/\/www.one66hotel.com\/sl\/wp-json\/wp\/v2\/types\/page"}],"author":[{"embeddable":true,"href":"https:\/\/www.one66hotel.com\/sl\/wp-json\/wp\/v2\/users\/1"}],"replies":[{"embeddable":true,"href":"https:\/\/www.one66hotel.com\/sl\/wp-json\/wp\/v2\/comments?post=5689"}],"version-history":[{"count":4,"href":"https:\/\/www.one66hotel.com\/sl\/wp-json\/wp\/v2\/pages\/5689\/revisions"}],"predecessor-version":[{"id":8365,"href":"https:\/\/www.one66hotel.com\/sl\/wp-json\/wp\/v2\/pages\/5689\/revisions\/8365"}],"up":[{"embeddable":true,"href":"https:\/\/www.one66hotel.com\/sl\/wp-json\/wp\/v2\/pages\/5637"}],"wp:featuredmedia":[{"embeddable":true,"href":"https:\/\/www.one66hotel.com\/sl\/wp-json\/wp\/v2\/media\/5094"}],"wp:attachment":[{"href":"https:\/\/www.one66hotel.com\/sl\/wp-json\/wp\/v2\/media?parent=5689"}],"curies":[{"name":"wp","href":"https:\/\/api.w.org\/{rel}","templated":true}]}}