{"id":5861,"date":"2025-04-30T09:55:00","date_gmt":"2025-04-30T09:55:00","guid":{"rendered":"https:\/\/www.one66hotel.com\/\/druzenja-za-zaprte-skupine\/"},"modified":"2025-06-03T19:08:59","modified_gmt":"2025-06-03T17:08:59","slug":"druzenja-za-zaprte-skupine","status":"publish","type":"page","link":"https:\/\/www.one66hotel.com\/sl\/dogodki\/zasebni-dogodki\/druzenja-za-zaprte-skupine\/","title":{"rendered":"Dru\u017eenja za zaprte skupine"},"content":{"rendered":"\t\t<div data-elementor-type=\"wp-page\" data-elementor-id=\"5861\" class=\"elementor elementor-5861 elementor-2974\" data-elementor-post-type=\"page\">\n\t\t\t\t<section class=\"elementor-element elementor-element-caf2ac1 e-flex e-con-boxed e-con e-parent\" data-id=\"caf2ac1\" data-element_type=\"container\" data-e-type=\"container\" data-settings=\"{&quot;jet_parallax_layout_list&quot;:[]}\">\n\t\t\t\t\t<div class=\"e-con-inner\">\n\t\t\t\t<div class=\"elementor-element elementor-element-c1a0e2b elementor-widget elementor-widget-jet-engine-component-3036\" data-id=\"c1a0e2b\" data-element_type=\"widget\" data-e-type=\"widget\" data-widget_type=\"jet-engine-component-3036.default\">\n\t\t\t\t<div class=\"elementor-widget-container\">\n\t\t\t\t\t<style>.elementor-5793 .elementor-element.elementor-element-7e9c91f{--display:flex;--flex-direction:row;--container-widget-width:initial;--container-widget-height:100%;--container-widget-flex-grow:1;--container-widget-align-self:stretch;--flex-wrap-mobile:wrap;--gap:0% 9%;--row-gap:0%;--column-gap:9%;--border-radius:0px 0px 0px 0px;--padding-top:7rem;--padding-bottom:7rem;--padding-left:0rem;--padding-right:0rem;}.elementor-5793 .elementor-element.elementor-element-a683491 img{width:100%;height:100%;object-fit:cover;object-position:center center;}.elementor-5793 .elementor-element.elementor-element-a683491{width:var( --container-widget-width, 41% );max-width:41%;--container-widget-width:41%;--container-widget-flex-grow:0;}.elementor-5793 .elementor-element.elementor-element-0818207{--display:flex;--flex-direction:column;--container-widget-width:calc( ( 1 - var( --container-widget-flex-grow ) ) * 100% );--container-widget-height:initial;--container-widget-flex-grow:0;--container-widget-align-self:initial;--flex-wrap-mobile:wrap;--justify-content:center;--align-items:flex-start;--gap:2.5rem 0rem;--row-gap:2.5rem;--column-gap:0rem;}.elementor-5793 .elementor-element.elementor-element-13b5883{--display:flex;--flex-direction:row;--container-widget-width:initial;--container-widget-height:100%;--container-widget-flex-grow:1;--container-widget-align-self:stretch;--flex-wrap-mobile:wrap;}.elementor-5793 .elementor-element.elementor-element-600ddb3 > .elementor-widget-container{margin:0px 8px 0px 0px;}@media(min-width:768px){.elementor-5793 .elementor-element.elementor-element-0818207{--width:42%;}}@media(max-width:1024px){.elementor-5793 .elementor-element.elementor-element-7e9c91f{--padding-top:5.6rem;--padding-bottom:5.6rem;--padding-left:0rem;--padding-right:0rem;}}@media(max-width:767px){.elementor-5793 .elementor-element.elementor-element-7e9c91f{--gap:3rem 0rem;--row-gap:3rem;--column-gap:0rem;--padding-top:4rem;--padding-bottom:4rem;--padding-left:0rem;--padding-right:0rem;}.elementor-5793 .elementor-element.elementor-element-a683491 img{height:350px;}.elementor-5793 .elementor-element.elementor-element-a683491{--container-widget-width:100%;--container-widget-flex-grow:0;width:var( --container-widget-width, 100% );max-width:100%;}.elementor-5793 .elementor-element.elementor-element-0818207{--gap:1.5rem 0rem;--row-gap:1.5rem;--column-gap:0rem;}.elementor-5793 .elementor-element.elementor-element-13b5883{--gap:8px 8px;--row-gap:8px;--column-gap:8px;}.elementor-5793 .elementor-element.elementor-element-600ddb3 > .elementor-widget-container{margin:0px 0px 0px 0px;}.elementor-5793 .elementor-element.elementor-element-600ddb3.elementor-element{--order:99999 \/* order end hack *\/;}}\/* Start custom CSS for image, class: .elementor-element-a683491 *\/.elementor-5793 .elementor-element.elementor-element-a683491 img{\n    aspect-ratio: 1 \/ 1;\n}\/* End custom CSS *\/\n\/* Start custom CSS for button, class: .elementor-element-600ddb3 *\/.elementor-5793 .elementor-element.elementor-element-600ddb3:before{\n    display: none !important;\n}\/* End custom CSS *\/\n\/* Start custom CSS for button, class: .elementor-element-860783e *\/.elementor-5793 .elementor-element.elementor-element-860783e:before{\n    display: none !important;\n}\/* End custom CSS *\/<\/style>\t\t<div data-elementor-type=\"jet-listing-items\" data-elementor-id=\"5793\" class=\"elementor elementor-5793 elementor-3036\" data-elementor-post-type=\"jet-engine\">\n\t\t\t\t<section class=\"elementor-element elementor-element-7e9c91f e-flex e-con-boxed e-con e-parent\" data-id=\"7e9c91f\" data-element_type=\"container\" data-e-type=\"container\" data-settings=\"{&quot;jet_parallax_layout_list&quot;:[]}\">\n\t\t\t\t\t<div class=\"e-con-inner\">\n\t\t\t\t<div class=\"elementor-element elementor-element-a683491 elementor-widget__width-initial elementor-widget elementor-widget-image\" data-id=\"a683491\" data-element_type=\"widget\" data-e-type=\"widget\" data-widget_type=\"image.default\">\n\t\t\t\t<div class=\"elementor-widget-container\">\n\t\t\t\t\t\t\t\t\t\t\t\t\t\t\t<img fetchpriority=\"high\" decoding=\"async\" width=\"750\" height=\"750\" src=\"https:\/\/www.one66hotel.com\/wp-content\/uploads\/One66_postavitev-14_foto_Marko_Delbello_Ocepek-1.webp\" class=\"attachment-large size-large wp-image-5136\" alt=\"\" srcset=\"https:\/\/www.one66hotel.com\/wp-content\/uploads\/One66_postavitev-14_foto_Marko_Delbello_Ocepek-1.webp 750w, https:\/\/www.one66hotel.com\/wp-content\/uploads\/One66_postavitev-14_foto_Marko_Delbello_Ocepek-1-300x300.webp 300w, https:\/\/www.one66hotel.com\/wp-content\/uploads\/One66_postavitev-14_foto_Marko_Delbello_Ocepek-1-150x150.webp 150w\" sizes=\"(max-width: 750px) 100vw, 750px\" \/>\t\t\t\t\t\t\t\t\t\t\t\t\t\t\t<\/div>\n\t\t\t\t<\/div>\n\t\t<div class=\"elementor-element elementor-element-0818207 e-con-full e-flex e-con e-child\" data-id=\"0818207\" data-element_type=\"container\" data-e-type=\"container\" data-settings=\"{&quot;jet_parallax_layout_list&quot;:[]}\">\n\t\t\t\t<div class=\"elementor-element elementor-element-42eac9b elementor-widget elementor-widget-heading\" data-id=\"42eac9b\" data-element_type=\"widget\" data-e-type=\"widget\" data-widget_type=\"heading.default\">\n\t\t\t\t<div class=\"elementor-widget-container\">\n\t\t\t\t\t<h4 class=\"elementor-heading-title elementor-size-default\">Ustvarite spomine, ki bodo trajali ve\u010dno<\/h4>\t\t\t\t<\/div>\n\t\t\t\t<\/div>\n\t\t\t\t<div class=\"elementor-element elementor-element-e921f55 elementor-widget elementor-widget-text-editor\" data-id=\"e921f55\" data-element_type=\"widget\" data-e-type=\"widget\" data-widget_type=\"text-editor.default\">\n\t\t\t\t<div class=\"elementor-widget-container\">\n\t\t\t\t\t\t\t\t\tNa\u010drtujete <b>zasebni dogodek,<\/b> ki je hkrati <b>intimen in izjemen<\/b>? Od cozy prijetnih koti\u010dkov do najema celotnega prostora \u2013 One66 ponuja <b>razli\u010dne prostore<\/b>, ki se prilagodijo vam in va\u0161i skupini. Na\u0161i prostori so idealni za zasebne ve\u010derje, praznovanja in zaprta dru\u017eenja \u2013<b> prilagodljivi in polni karakterja<\/b>. <br><br> Potrebujete ve\u010d zasebnosti ali postavitev po meri? Z veseljem prostor prilagodimo va\u0161im \u017eeljam. Na\u0161a ponudba hrane in pija\u010de na lokaciji poskrbi, da va\u0161a skupina ostane zadovoljna. Ustvarite dogodek, ki ga va\u0161i gostje ne bodo pozabili.\t\t\t\t\t\t\t\t<\/div>\n\t\t\t\t<\/div>\n\t\t<div class=\"elementor-element elementor-element-13b5883 e-con-full e-flex e-con e-child\" data-id=\"13b5883\" data-element_type=\"container\" data-e-type=\"container\" data-settings=\"{&quot;jet_parallax_layout_list&quot;:[]}\">\n\t\t\t\t<div class=\"elementor-element elementor-element-600ddb3 button-arrow jedv-enabled--yes elementor-widget elementor-widget-button\" data-id=\"600ddb3\" data-element_type=\"widget\" data-e-type=\"widget\" id=\"#inquiry-popup-open\" data-widget_type=\"button.default\">\n\t\t\t\t<div class=\"elementor-widget-container\">\n\t\t\t\t\t\t\t\t\t<div class=\"elementor-button-wrapper\">\n\t\t\t\t\t<a class=\"elementor-button elementor-button-link elementor-size-sm\" href=\"#elementor-action%3Aaction%3Dpopup%3Aopen%26settings%3DeyJpZCI6NTY3MiwidG9nZ2xlIjpmYWxzZX0%3D\">\n\t\t\t\t\t\t<span class=\"elementor-button-content-wrapper\">\n\t\t\t\t\t\t\t\t\t<span class=\"elementor-button-text\">po\u0161ljite povpra\u0161evanje<\/span>\n\t\t\t\t\t<\/span>\n\t\t\t\t\t<\/a>\n\t\t\t\t<\/div>\n\t\t\t\t\t\t\t\t<\/div>\n\t\t\t\t<\/div>\n\t\t\t\t<div class=\"elementor-element elementor-element-860783e button-arrow jedv-enabled--yes elementor-widget elementor-widget-button\" data-id=\"860783e\" data-element_type=\"widget\" data-e-type=\"widget\" data-widget_type=\"button.default\">\n\t\t\t\t<div class=\"elementor-widget-container\">\n\t\t\t\t\t\t\t\t\t<div class=\"elementor-button-wrapper\">\n\t\t\t\t\t<a class=\"elementor-button elementor-button-link elementor-size-sm\" href=\"https:\/\/www.one66hotel.com\/events\/spaces\/\">\n\t\t\t\t\t\t<span class=\"elementor-button-content-wrapper\">\n\t\t\t\t\t\t\t\t\t<span class=\"elementor-button-text\">na\u0161i prostori<\/span>\n\t\t\t\t\t<\/span>\n\t\t\t\t\t<\/a>\n\t\t\t\t<\/div>\n\t\t\t\t\t\t\t\t<\/div>\n\t\t\t\t<\/div>\n\t\t\t\t<\/div>\n\t\t\t\t<\/div>\n\t\t\t\t\t<\/div>\n\t\t\t\t<\/section>\n\t\t\t\t<\/div>\n\t\t\t\t\t\t<\/div>\n\t\t\t\t<\/div>\n\t\t\t\t\t<\/div>\n\t\t\t\t<\/section>\n\t\t\t\t<\/div>\n\t\t","protected":false},"excerpt":{"rendered":"<p>Od udobnih koti\u010dkov do najema celotnega prostora \u2013 ponujamo okolje, ki povezuje ljudi in jih ustvari vzdu\u0111je, da ostanejo dlje.<\/p>\n","protected":false},"author":1,"featured_media":5135,"parent":6097,"menu_order":0,"comment_status":"closed","ping_status":"closed","template":"","meta":{"footnotes":""},"class_list":["post-5861","page","type-page","status-publish","has-post-thumbnail","hentry"],"yoast_head":"<!-- This site is optimized with the Yoast SEO plugin v26.9 - https:\/\/yoast.com\/product\/yoast-seo-wordpress\/ -->\n<title>Dru\u017eenja za zaprte skupine - One66 - Prijetni, prilagodljivi prostori za dru\u017eenje<\/title>\n<meta name=\"description\" content=\"Naj bo to cozy koti\u010dek ali najem celotnega prostora \u2013 One66 ustvari popolno vzdu\u0161je za skupine, ki si \u017eelijo povezovanja in spro\u0161\u010denega dru\u017eenja.\" \/>\n<meta name=\"robots\" content=\"index, follow, max-snippet:-1, max-image-preview:large, max-video-preview:-1\" \/>\n<link rel=\"canonical\" href=\"https:\/\/www.one66hotel.com\/sl\/dogodki\/zasebni-dogodki\/druzenja-za-zaprte-skupine\/\" \/>\n<meta property=\"og:locale\" content=\"sl_SI\" \/>\n<meta property=\"og:type\" content=\"article\" \/>\n<meta property=\"og:title\" content=\"Dru\u017eenja za zaprte skupine - One66 - Prijetni, prilagodljivi prostori za dru\u017eenje\" \/>\n<meta property=\"og:description\" content=\"Naj bo to cozy koti\u010dek ali najem celotnega prostora \u2013 One66 ustvari popolno vzdu\u0161je za skupine, ki si \u017eelijo povezovanja in spro\u0161\u010denega dru\u017eenja.\" \/>\n<meta property=\"og:url\" content=\"https:\/\/www.one66hotel.com\/sl\/dogodki\/zasebni-dogodki\/druzenja-za-zaprte-skupine\/\" \/>\n<meta property=\"og:site_name\" content=\"One66\" \/>\n<meta property=\"article:publisher\" content=\"https:\/\/www.facebook.com\/one66hotel\/\" \/>\n<meta property=\"article:modified_time\" content=\"2025-06-03T17:08:59+00:00\" \/>\n<meta property=\"og:image\" content=\"https:\/\/www.one66hotel.com\/wp-content\/uploads\/One66_NY_year-61_foto_Marko_Delbello_Ocepek-1.webp\" \/>\n\t<meta property=\"og:image:width\" content=\"1920\" \/>\n\t<meta property=\"og:image:height\" content=\"520\" \/>\n\t<meta property=\"og:image:type\" content=\"image\/webp\" \/>\n<meta name=\"twitter:card\" content=\"summary_large_image\" \/>\n<script type=\"application\/ld+json\" class=\"yoast-schema-graph\">{\"@context\":\"https:\/\/schema.org\",\"@graph\":[{\"@type\":\"WebPage\",\"@id\":\"https:\/\/www.one66hotel.com\/sl\/dogodki\/zasebni-dogodki\/druzenja-za-zaprte-skupine\/\",\"url\":\"https:\/\/www.one66hotel.com\/sl\/dogodki\/zasebni-dogodki\/druzenja-za-zaprte-skupine\/\",\"name\":\"Dru\u017eenja za zaprte skupine - One66 - Prijetni, prilagodljivi prostori za dru\u017eenje\",\"isPartOf\":{\"@id\":\"https:\/\/www.one66hotel.com\/sl\/#website\"},\"primaryImageOfPage\":{\"@id\":\"https:\/\/www.one66hotel.com\/sl\/dogodki\/zasebni-dogodki\/druzenja-za-zaprte-skupine\/#primaryimage\"},\"image\":{\"@id\":\"https:\/\/www.one66hotel.com\/sl\/dogodki\/zasebni-dogodki\/druzenja-za-zaprte-skupine\/#primaryimage\"},\"thumbnailUrl\":\"https:\/\/www.one66hotel.com\/wp-content\/uploads\/One66_NY_year-61_foto_Marko_Delbello_Ocepek-1.webp\",\"datePublished\":\"2025-04-30T09:55:00+00:00\",\"dateModified\":\"2025-06-03T17:08:59+00:00\",\"description\":\"Naj bo to cozy koti\u010dek ali najem celotnega prostora \u2013 One66 ustvari popolno vzdu\u0161je za skupine, ki si \u017eelijo povezovanja in spro\u0161\u010denega dru\u017eenja.\",\"breadcrumb\":{\"@id\":\"https:\/\/www.one66hotel.com\/sl\/dogodki\/zasebni-dogodki\/druzenja-za-zaprte-skupine\/#breadcrumb\"},\"inLanguage\":\"sl-SI\",\"potentialAction\":[{\"@type\":\"ReadAction\",\"target\":[\"https:\/\/www.one66hotel.com\/sl\/dogodki\/zasebni-dogodki\/druzenja-za-zaprte-skupine\/\"]}]},{\"@type\":\"ImageObject\",\"inLanguage\":\"sl-SI\",\"@id\":\"https:\/\/www.one66hotel.com\/sl\/dogodki\/zasebni-dogodki\/druzenja-za-zaprte-skupine\/#primaryimage\",\"url\":\"https:\/\/www.one66hotel.com\/wp-content\/uploads\/One66_NY_year-61_foto_Marko_Delbello_Ocepek-1.webp\",\"contentUrl\":\"https:\/\/www.one66hotel.com\/wp-content\/uploads\/One66_NY_year-61_foto_Marko_Delbello_Ocepek-1.webp\",\"width\":1920,\"height\":520},{\"@type\":\"BreadcrumbList\",\"@id\":\"https:\/\/www.one66hotel.com\/sl\/dogodki\/zasebni-dogodki\/druzenja-za-zaprte-skupine\/#breadcrumb\",\"itemListElement\":[{\"@type\":\"ListItem\",\"position\":1,\"name\":\"Home\",\"item\":\"https:\/\/www.one66hotel.com\/sl\/\"},{\"@type\":\"ListItem\",\"position\":2,\"name\":\"Dogodki\",\"item\":\"https:\/\/www.one66hotel.com\/sl\/dogodki\/\"},{\"@type\":\"ListItem\",\"position\":3,\"name\":\"Zasebni dogodki\",\"item\":\"https:\/\/www.one66hotel.com\/sl\/dogodki\/zasebni-dogodki\/\"},{\"@type\":\"ListItem\",\"position\":4,\"name\":\"Dru\u017eenja za zaprte skupine\"}]},{\"@type\":\"WebSite\",\"@id\":\"https:\/\/www.one66hotel.com\/sl\/#website\",\"url\":\"https:\/\/www.one66hotel.com\/sl\/\",\"name\":\"One66 Hotel\",\"description\":\"New and modern hotel in Ljubljana, Slovenia\",\"publisher\":{\"@id\":\"https:\/\/www.one66hotel.com\/sl\/#organization\"},\"alternateName\":\"One66\",\"potentialAction\":[{\"@type\":\"SearchAction\",\"target\":{\"@type\":\"EntryPoint\",\"urlTemplate\":\"https:\/\/www.one66hotel.com\/sl\/?s={search_term_string}\"},\"query-input\":{\"@type\":\"PropertyValueSpecification\",\"valueRequired\":true,\"valueName\":\"search_term_string\"}}],\"inLanguage\":\"sl-SI\"},{\"@type\":\"Organization\",\"@id\":\"https:\/\/www.one66hotel.com\/sl\/#organization\",\"name\":\"One66\",\"alternateName\":\"One66 Hotel\",\"url\":\"https:\/\/www.one66hotel.com\/sl\/\",\"logo\":{\"@type\":\"ImageObject\",\"inLanguage\":\"sl-SI\",\"@id\":\"https:\/\/www.one66hotel.com\/sl\/#\/schema\/logo\/image\/\",\"url\":\"https:\/\/www.one66hotel.com\/wp-content\/uploads\/one66-logo-header.png\",\"contentUrl\":\"https:\/\/www.one66hotel.com\/wp-content\/uploads\/one66-logo-header.png\",\"width\":350,\"height\":219,\"caption\":\"One66\"},\"image\":{\"@id\":\"https:\/\/www.one66hotel.com\/sl\/#\/schema\/logo\/image\/\"},\"sameAs\":[\"https:\/\/www.facebook.com\/one66hotel\/\",\"https:\/\/www.instagram.com\/one66_hotel\/\",\"https:\/\/www.tiktok.com\/@one66hotel\"]}]}<\/script>\n<!-- \/ Yoast SEO plugin. -->","yoast_head_json":{"title":"Dru\u017eenja za zaprte skupine - One66 - Prijetni, prilagodljivi prostori za dru\u017eenje","description":"Naj bo to cozy koti\u010dek ali najem celotnega prostora \u2013 One66 ustvari popolno vzdu\u0161je za skupine, ki si \u017eelijo povezovanja in spro\u0161\u010denega dru\u017eenja.","robots":{"index":"index","follow":"follow","max-snippet":"max-snippet:-1","max-image-preview":"max-image-preview:large","max-video-preview":"max-video-preview:-1"},"canonical":"https:\/\/www.one66hotel.com\/sl\/dogodki\/zasebni-dogodki\/druzenja-za-zaprte-skupine\/","og_locale":"sl_SI","og_type":"article","og_title":"Dru\u017eenja za zaprte skupine - One66 - Prijetni, prilagodljivi prostori za dru\u017eenje","og_description":"Naj bo to cozy koti\u010dek ali najem celotnega prostora \u2013 One66 ustvari popolno vzdu\u0161je za skupine, ki si \u017eelijo povezovanja in spro\u0161\u010denega dru\u017eenja.","og_url":"https:\/\/www.one66hotel.com\/sl\/dogodki\/zasebni-dogodki\/druzenja-za-zaprte-skupine\/","og_site_name":"One66","article_publisher":"https:\/\/www.facebook.com\/one66hotel\/","article_modified_time":"2025-06-03T17:08:59+00:00","og_image":[{"width":1920,"height":520,"url":"https:\/\/www.one66hotel.com\/wp-content\/uploads\/One66_NY_year-61_foto_Marko_Delbello_Ocepek-1.webp","type":"image\/webp"}],"twitter_card":"summary_large_image","schema":{"@context":"https:\/\/schema.org","@graph":[{"@type":"WebPage","@id":"https:\/\/www.one66hotel.com\/sl\/dogodki\/zasebni-dogodki\/druzenja-za-zaprte-skupine\/","url":"https:\/\/www.one66hotel.com\/sl\/dogodki\/zasebni-dogodki\/druzenja-za-zaprte-skupine\/","name":"Dru\u017eenja za zaprte skupine - One66 - Prijetni, prilagodljivi prostori za dru\u017eenje","isPartOf":{"@id":"https:\/\/www.one66hotel.com\/sl\/#website"},"primaryImageOfPage":{"@id":"https:\/\/www.one66hotel.com\/sl\/dogodki\/zasebni-dogodki\/druzenja-za-zaprte-skupine\/#primaryimage"},"image":{"@id":"https:\/\/www.one66hotel.com\/sl\/dogodki\/zasebni-dogodki\/druzenja-za-zaprte-skupine\/#primaryimage"},"thumbnailUrl":"https:\/\/www.one66hotel.com\/wp-content\/uploads\/One66_NY_year-61_foto_Marko_Delbello_Ocepek-1.webp","datePublished":"2025-04-30T09:55:00+00:00","dateModified":"2025-06-03T17:08:59+00:00","description":"Naj bo to cozy koti\u010dek ali najem celotnega prostora \u2013 One66 ustvari popolno vzdu\u0161je za skupine, ki si \u017eelijo povezovanja in spro\u0161\u010denega dru\u017eenja.","breadcrumb":{"@id":"https:\/\/www.one66hotel.com\/sl\/dogodki\/zasebni-dogodki\/druzenja-za-zaprte-skupine\/#breadcrumb"},"inLanguage":"sl-SI","potentialAction":[{"@type":"ReadAction","target":["https:\/\/www.one66hotel.com\/sl\/dogodki\/zasebni-dogodki\/druzenja-za-zaprte-skupine\/"]}]},{"@type":"ImageObject","inLanguage":"sl-SI","@id":"https:\/\/www.one66hotel.com\/sl\/dogodki\/zasebni-dogodki\/druzenja-za-zaprte-skupine\/#primaryimage","url":"https:\/\/www.one66hotel.com\/wp-content\/uploads\/One66_NY_year-61_foto_Marko_Delbello_Ocepek-1.webp","contentUrl":"https:\/\/www.one66hotel.com\/wp-content\/uploads\/One66_NY_year-61_foto_Marko_Delbello_Ocepek-1.webp","width":1920,"height":520},{"@type":"BreadcrumbList","@id":"https:\/\/www.one66hotel.com\/sl\/dogodki\/zasebni-dogodki\/druzenja-za-zaprte-skupine\/#breadcrumb","itemListElement":[{"@type":"ListItem","position":1,"name":"Home","item":"https:\/\/www.one66hotel.com\/sl\/"},{"@type":"ListItem","position":2,"name":"Dogodki","item":"https:\/\/www.one66hotel.com\/sl\/dogodki\/"},{"@type":"ListItem","position":3,"name":"Zasebni dogodki","item":"https:\/\/www.one66hotel.com\/sl\/dogodki\/zasebni-dogodki\/"},{"@type":"ListItem","position":4,"name":"Dru\u017eenja za zaprte skupine"}]},{"@type":"WebSite","@id":"https:\/\/www.one66hotel.com\/sl\/#website","url":"https:\/\/www.one66hotel.com\/sl\/","name":"One66 Hotel","description":"New and modern hotel in Ljubljana, Slovenia","publisher":{"@id":"https:\/\/www.one66hotel.com\/sl\/#organization"},"alternateName":"One66","potentialAction":[{"@type":"SearchAction","target":{"@type":"EntryPoint","urlTemplate":"https:\/\/www.one66hotel.com\/sl\/?s={search_term_string}"},"query-input":{"@type":"PropertyValueSpecification","valueRequired":true,"valueName":"search_term_string"}}],"inLanguage":"sl-SI"},{"@type":"Organization","@id":"https:\/\/www.one66hotel.com\/sl\/#organization","name":"One66","alternateName":"One66 Hotel","url":"https:\/\/www.one66hotel.com\/sl\/","logo":{"@type":"ImageObject","inLanguage":"sl-SI","@id":"https:\/\/www.one66hotel.com\/sl\/#\/schema\/logo\/image\/","url":"https:\/\/www.one66hotel.com\/wp-content\/uploads\/one66-logo-header.png","contentUrl":"https:\/\/www.one66hotel.com\/wp-content\/uploads\/one66-logo-header.png","width":350,"height":219,"caption":"One66"},"image":{"@id":"https:\/\/www.one66hotel.com\/sl\/#\/schema\/logo\/image\/"},"sameAs":["https:\/\/www.facebook.com\/one66hotel\/","https:\/\/www.instagram.com\/one66_hotel\/","https:\/\/www.tiktok.com\/@one66hotel"]}]}},"_links":{"self":[{"href":"https:\/\/www.one66hotel.com\/sl\/wp-json\/wp\/v2\/pages\/5861","targetHints":{"allow":["GET"]}}],"collection":[{"href":"https:\/\/www.one66hotel.com\/sl\/wp-json\/wp\/v2\/pages"}],"about":[{"href":"https:\/\/www.one66hotel.com\/sl\/wp-json\/wp\/v2\/types\/page"}],"author":[{"embeddable":true,"href":"https:\/\/www.one66hotel.com\/sl\/wp-json\/wp\/v2\/users\/1"}],"replies":[{"embeddable":true,"href":"https:\/\/www.one66hotel.com\/sl\/wp-json\/wp\/v2\/comments?post=5861"}],"version-history":[{"count":2,"href":"https:\/\/www.one66hotel.com\/sl\/wp-json\/wp\/v2\/pages\/5861\/revisions"}],"predecessor-version":[{"id":8378,"href":"https:\/\/www.one66hotel.com\/sl\/wp-json\/wp\/v2\/pages\/5861\/revisions\/8378"}],"up":[{"embeddable":true,"href":"https:\/\/www.one66hotel.com\/sl\/wp-json\/wp\/v2\/pages\/6097"}],"wp:featuredmedia":[{"embeddable":true,"href":"https:\/\/www.one66hotel.com\/sl\/wp-json\/wp\/v2\/media\/5135"}],"wp:attachment":[{"href":"https:\/\/www.one66hotel.com\/sl\/wp-json\/wp\/v2\/media?parent=5861"}],"curies":[{"name":"wp","href":"https:\/\/api.w.org\/{rel}","templated":true}]}}