{"id":5914,"date":"2025-04-17T10:51:50","date_gmt":"2025-04-17T10:51:50","guid":{"rendered":"https:\/\/www.one66hotel.com\/\/dogodki\/poslovni-dogodki\/poslovne-zabave\/"},"modified":"2025-06-02T13:26:06","modified_gmt":"2025-06-02T11:26:06","slug":"poslovne-zabave","status":"publish","type":"page","link":"https:\/\/www.one66hotel.com\/sl\/dogodki\/poslovni-dogodki\/poslovne-zabave\/","title":{"rendered":"Poslovne zabave"},"content":{"rendered":"\t\t<div data-elementor-type=\"wp-page\" data-elementor-id=\"5914\" class=\"elementor elementor-5914 elementor-1576\" data-elementor-post-type=\"page\">\n\t\t\t\t<section class=\"elementor-element elementor-element-925b5e6 e-flex e-con-boxed e-con e-parent\" data-id=\"925b5e6\" data-element_type=\"container\" data-e-type=\"container\" data-settings=\"{&quot;jet_parallax_layout_list&quot;:[]}\">\n\t\t\t\t\t<div class=\"e-con-inner\">\n\t\t\t\t<div class=\"elementor-element elementor-element-e060804 elementor-widget elementor-widget-jet-engine-component-3036\" data-id=\"e060804\" data-element_type=\"widget\" data-e-type=\"widget\" data-widget_type=\"jet-engine-component-3036.default\">\n\t\t\t\t<div class=\"elementor-widget-container\">\n\t\t\t\t\t<style>.elementor-5793 .elementor-element.elementor-element-7e9c91f{--display:flex;--flex-direction:row;--container-widget-width:initial;--container-widget-height:100%;--container-widget-flex-grow:1;--container-widget-align-self:stretch;--flex-wrap-mobile:wrap;--gap:0% 9%;--row-gap:0%;--column-gap:9%;--border-radius:0px 0px 0px 0px;--padding-top:7rem;--padding-bottom:7rem;--padding-left:0rem;--padding-right:0rem;}.elementor-5793 .elementor-element.elementor-element-a683491 img{width:100%;height:100%;object-fit:cover;object-position:center center;}.elementor-5793 .elementor-element.elementor-element-a683491{width:var( --container-widget-width, 41% );max-width:41%;--container-widget-width:41%;--container-widget-flex-grow:0;}.elementor-5793 .elementor-element.elementor-element-0818207{--display:flex;--flex-direction:column;--container-widget-width:calc( ( 1 - var( --container-widget-flex-grow ) ) * 100% );--container-widget-height:initial;--container-widget-flex-grow:0;--container-widget-align-self:initial;--flex-wrap-mobile:wrap;--justify-content:center;--align-items:flex-start;--gap:2.5rem 0rem;--row-gap:2.5rem;--column-gap:0rem;}.elementor-5793 .elementor-element.elementor-element-13b5883{--display:flex;--flex-direction:row;--container-widget-width:initial;--container-widget-height:100%;--container-widget-flex-grow:1;--container-widget-align-self:stretch;--flex-wrap-mobile:wrap;}.elementor-5793 .elementor-element.elementor-element-600ddb3 > .elementor-widget-container{margin:0px 8px 0px 0px;}@media(min-width:768px){.elementor-5793 .elementor-element.elementor-element-0818207{--width:42%;}}@media(max-width:1024px){.elementor-5793 .elementor-element.elementor-element-7e9c91f{--padding-top:5.6rem;--padding-bottom:5.6rem;--padding-left:0rem;--padding-right:0rem;}}@media(max-width:767px){.elementor-5793 .elementor-element.elementor-element-7e9c91f{--gap:3rem 0rem;--row-gap:3rem;--column-gap:0rem;--padding-top:4rem;--padding-bottom:4rem;--padding-left:0rem;--padding-right:0rem;}.elementor-5793 .elementor-element.elementor-element-a683491 img{height:350px;}.elementor-5793 .elementor-element.elementor-element-a683491{--container-widget-width:100%;--container-widget-flex-grow:0;width:var( --container-widget-width, 100% );max-width:100%;}.elementor-5793 .elementor-element.elementor-element-0818207{--gap:1.5rem 0rem;--row-gap:1.5rem;--column-gap:0rem;}.elementor-5793 .elementor-element.elementor-element-13b5883{--gap:8px 8px;--row-gap:8px;--column-gap:8px;}.elementor-5793 .elementor-element.elementor-element-600ddb3 > .elementor-widget-container{margin:0px 0px 0px 0px;}.elementor-5793 .elementor-element.elementor-element-600ddb3.elementor-element{--order:99999 \/* order end hack *\/;}}\/* Start custom CSS for image, class: .elementor-element-a683491 *\/.elementor-5793 .elementor-element.elementor-element-a683491 img{\n    aspect-ratio: 1 \/ 1;\n}\/* End custom CSS *\/\n\/* Start custom CSS for button, class: .elementor-element-600ddb3 *\/.elementor-5793 .elementor-element.elementor-element-600ddb3:before{\n    display: none !important;\n}\/* End custom CSS *\/\n\/* Start custom CSS for button, class: .elementor-element-860783e *\/.elementor-5793 .elementor-element.elementor-element-860783e:before{\n    display: none !important;\n}\/* End custom CSS *\/<\/style>\t\t<div data-elementor-type=\"jet-listing-items\" data-elementor-id=\"5793\" class=\"elementor elementor-5793 elementor-3036\" data-elementor-post-type=\"jet-engine\">\n\t\t\t\t<section class=\"elementor-element elementor-element-7e9c91f e-flex e-con-boxed e-con e-parent\" data-id=\"7e9c91f\" data-element_type=\"container\" data-e-type=\"container\" data-settings=\"{&quot;jet_parallax_layout_list&quot;:[]}\">\n\t\t\t\t\t<div class=\"e-con-inner\">\n\t\t\t\t<div class=\"elementor-element elementor-element-a683491 elementor-widget__width-initial elementor-widget elementor-widget-image\" data-id=\"a683491\" data-element_type=\"widget\" data-e-type=\"widget\" data-widget_type=\"image.default\">\n\t\t\t\t<div class=\"elementor-widget-container\">\n\t\t\t\t\t\t\t\t\t\t\t\t\t\t\t<img fetchpriority=\"high\" decoding=\"async\" width=\"750\" height=\"750\" src=\"https:\/\/www.one66hotel.com\/wp-content\/uploads\/Gaja_Prestor_SLEDI-49_foto_Marko_Delbello_Ocepek-1-1.webp\" class=\"attachment-large size-large wp-image-5177\" alt=\"\" srcset=\"https:\/\/www.one66hotel.com\/wp-content\/uploads\/Gaja_Prestor_SLEDI-49_foto_Marko_Delbello_Ocepek-1-1.webp 750w, https:\/\/www.one66hotel.com\/wp-content\/uploads\/Gaja_Prestor_SLEDI-49_foto_Marko_Delbello_Ocepek-1-1-300x300.webp 300w, https:\/\/www.one66hotel.com\/wp-content\/uploads\/Gaja_Prestor_SLEDI-49_foto_Marko_Delbello_Ocepek-1-1-150x150.webp 150w\" sizes=\"(max-width: 750px) 100vw, 750px\" \/>\t\t\t\t\t\t\t\t\t\t\t\t\t\t\t<\/div>\n\t\t\t\t<\/div>\n\t\t<div class=\"elementor-element elementor-element-0818207 e-con-full e-flex e-con e-child\" data-id=\"0818207\" data-element_type=\"container\" data-e-type=\"container\" data-settings=\"{&quot;jet_parallax_layout_list&quot;:[]}\">\n\t\t\t\t<div class=\"elementor-element elementor-element-42eac9b elementor-widget elementor-widget-heading\" data-id=\"42eac9b\" data-element_type=\"widget\" data-e-type=\"widget\" data-widget_type=\"heading.default\">\n\t\t\t\t<div class=\"elementor-widget-container\">\n\t\t\t\t\t<h4 class=\"elementor-heading-title elementor-size-default\">OD PowerPoint-a<br>DO ProseccA<\/h4>\t\t\t\t<\/div>\n\t\t\t\t<\/div>\n\t\t\t\t<div class=\"elementor-element elementor-element-e921f55 elementor-widget elementor-widget-text-editor\" data-id=\"e921f55\" data-element_type=\"widget\" data-e-type=\"widget\" data-widget_type=\"text-editor.default\">\n\t\t\t\t<div class=\"elementor-widget-container\">\n\t\t\t\t\t\t\t\t\tNajprej delo, nato pa \u017eur \u2013 <b>ne da bi menjali lokacijo<\/b>. LOFT je idealen prostor za mejnike podjetja, novoletne zabave ali zaklju\u010dne dogodke, saj se brez te\u017eav prelevi iz poslovnega v spro\u0161\u010deno, dru\u017eabno vzdu\u0161je. Ne glede na to, ali praznujete obletnico podjetja, predstavljate nov izdelek ali zaklju\u010dujete uspe\u0161en projekt \u2013 prostor se prilagodi va\u0161im idejam.  \n\nZ dobrim ozvo\u010denjem, mo\u017enostjo barske postre\u017ebe in <b>prilagodljivo osvetlitvijo<\/b> lahko brez te\u017eav ustvarite popolno vzdu\u0161je.<br><br>Na\u0161a ekipa poskrbi za vse \u2013 od cateringa do tehni\u010dne podpore \u2013 da bo va\u0161 dogodek potekal gladko od za\u010detka do konca. Popestrite poslovno sre\u010danje z zabavo, <b>o kateri bodo va\u0161i sodelavci govorili \u0161e dolgo po koncu<\/b>. \t\t\t\t\t\t\t\t<\/div>\n\t\t\t\t<\/div>\n\t\t<div class=\"elementor-element elementor-element-13b5883 e-con-full e-flex e-con e-child\" data-id=\"13b5883\" data-element_type=\"container\" data-e-type=\"container\" data-settings=\"{&quot;jet_parallax_layout_list&quot;:[]}\">\n\t\t\t\t<div class=\"elementor-element elementor-element-600ddb3 button-arrow jedv-enabled--yes elementor-widget elementor-widget-button\" data-id=\"600ddb3\" data-element_type=\"widget\" data-e-type=\"widget\" id=\"#inquiry-popup-open\" data-widget_type=\"button.default\">\n\t\t\t\t<div class=\"elementor-widget-container\">\n\t\t\t\t\t\t\t\t\t<div class=\"elementor-button-wrapper\">\n\t\t\t\t\t<a class=\"elementor-button elementor-button-link elementor-size-sm\" href=\"#elementor-action%3Aaction%3Dpopup%3Aopen%26settings%3DeyJpZCI6NTY3MiwidG9nZ2xlIjpmYWxzZX0%3D\">\n\t\t\t\t\t\t<span class=\"elementor-button-content-wrapper\">\n\t\t\t\t\t\t\t\t\t<span class=\"elementor-button-text\">po\u0161ljite povpra\u0161evanje<\/span>\n\t\t\t\t\t<\/span>\n\t\t\t\t\t<\/a>\n\t\t\t\t<\/div>\n\t\t\t\t\t\t\t\t<\/div>\n\t\t\t\t<\/div>\n\t\t\t\t<div class=\"elementor-element elementor-element-860783e button-arrow jedv-enabled--yes elementor-widget elementor-widget-button\" data-id=\"860783e\" data-element_type=\"widget\" data-e-type=\"widget\" data-widget_type=\"button.default\">\n\t\t\t\t<div class=\"elementor-widget-container\">\n\t\t\t\t\t\t\t\t\t<div class=\"elementor-button-wrapper\">\n\t\t\t\t\t<a class=\"elementor-button elementor-button-link elementor-size-sm\" href=\"https:\/\/www.one66hotel.com\/events\/spaces\/\">\n\t\t\t\t\t\t<span class=\"elementor-button-content-wrapper\">\n\t\t\t\t\t\t\t\t\t<span class=\"elementor-button-text\">na\u0161i prostori<\/span>\n\t\t\t\t\t<\/span>\n\t\t\t\t\t<\/a>\n\t\t\t\t<\/div>\n\t\t\t\t\t\t\t\t<\/div>\n\t\t\t\t<\/div>\n\t\t\t\t<\/div>\n\t\t\t\t<\/div>\n\t\t\t\t\t<\/div>\n\t\t\t\t<\/section>\n\t\t\t\t<\/div>\n\t\t\t\t\t\t<\/div>\n\t\t\t\t<\/div>\n\t\t\t\t\t<\/div>\n\t\t\t\t<\/section>\n\t\t\t\t<\/div>\n\t\t","protected":false},"excerpt":{"rendered":"<p>Najprej delo, nato pa \u017eur \u2013 ne da bi menjali lokacijo. LOFT je idealen prostor za mejnike podjetja, novoletne zabave ali zaklju\u010dne dogodke, saj se brez te\u017eav prelevi iz poslovnega v spro\u0161\u010deno, dru\u017eabno vzdu\u0161je. <\/p>\n","protected":false},"author":3,"featured_media":5176,"parent":5637,"menu_order":0,"comment_status":"closed","ping_status":"closed","template":"","meta":{"footnotes":""},"class_list":["post-5914","page","type-page","status-publish","has-post-thumbnail","hentry"],"yoast_head":"<!-- This site is optimized with the Yoast SEO plugin v26.9 - https:\/\/yoast.com\/product\/yoast-seo-wordpress\/ -->\n<title>Poslovne zabave - One66 - Poslovne zabave v stilu<\/title>\n<meta name=\"description\" content=\"Praznujte mejnike podjetja v slogu v prostorih hotela One66 \u2013 v prilagodljivem ambientu, ki se z lahkoto preobrazi iz poslovnega v zabavnega.\" \/>\n<meta name=\"robots\" content=\"index, follow, max-snippet:-1, max-image-preview:large, max-video-preview:-1\" \/>\n<link rel=\"canonical\" href=\"https:\/\/www.one66hotel.com\/sl\/dogodki\/poslovni-dogodki\/poslovne-zabave\/\" \/>\n<meta property=\"og:locale\" content=\"sl_SI\" \/>\n<meta property=\"og:type\" content=\"article\" \/>\n<meta property=\"og:title\" content=\"Poslovne zabave - One66 - Poslovne zabave v stilu\" \/>\n<meta property=\"og:description\" content=\"Praznujte mejnike podjetja v slogu v prostorih hotela One66 \u2013 v prilagodljivem ambientu, ki se z lahkoto preobrazi iz poslovnega v zabavnega.\" \/>\n<meta property=\"og:url\" content=\"https:\/\/www.one66hotel.com\/sl\/dogodki\/poslovni-dogodki\/poslovne-zabave\/\" \/>\n<meta property=\"og:site_name\" content=\"One66\" \/>\n<meta property=\"article:publisher\" content=\"https:\/\/www.facebook.com\/one66hotel\/\" \/>\n<meta property=\"article:modified_time\" content=\"2025-06-02T11:26:06+00:00\" \/>\n<meta property=\"og:image\" content=\"https:\/\/www.one66hotel.com\/wp-content\/uploads\/Hotel_One66_otvoritev-135_foto_Marko_Delbello_Ocepek.webp\" \/>\n\t<meta property=\"og:image:width\" content=\"1500\" \/>\n\t<meta property=\"og:image:height\" content=\"1000\" \/>\n\t<meta property=\"og:image:type\" content=\"image\/webp\" \/>\n<meta name=\"twitter:card\" content=\"summary_large_image\" \/>\n<script type=\"application\/ld+json\" class=\"yoast-schema-graph\">{\"@context\":\"https:\/\/schema.org\",\"@graph\":[{\"@type\":\"WebPage\",\"@id\":\"https:\/\/www.one66hotel.com\/sl\/dogodki\/poslovni-dogodki\/poslovne-zabave\/\",\"url\":\"https:\/\/www.one66hotel.com\/sl\/dogodki\/poslovni-dogodki\/poslovne-zabave\/\",\"name\":\"Poslovne zabave - One66 - Poslovne zabave v stilu\",\"isPartOf\":{\"@id\":\"https:\/\/www.one66hotel.com\/sl\/#website\"},\"primaryImageOfPage\":{\"@id\":\"https:\/\/www.one66hotel.com\/sl\/dogodki\/poslovni-dogodki\/poslovne-zabave\/#primaryimage\"},\"image\":{\"@id\":\"https:\/\/www.one66hotel.com\/sl\/dogodki\/poslovni-dogodki\/poslovne-zabave\/#primaryimage\"},\"thumbnailUrl\":\"https:\/\/www.one66hotel.com\/wp-content\/uploads\/Hotel_One66_otvoritev-135_foto_Marko_Delbello_Ocepek.webp\",\"datePublished\":\"2025-04-17T10:51:50+00:00\",\"dateModified\":\"2025-06-02T11:26:06+00:00\",\"description\":\"Praznujte mejnike podjetja v slogu v prostorih hotela One66 \u2013 v prilagodljivem ambientu, ki se z lahkoto preobrazi iz poslovnega v zabavnega.\",\"breadcrumb\":{\"@id\":\"https:\/\/www.one66hotel.com\/sl\/dogodki\/poslovni-dogodki\/poslovne-zabave\/#breadcrumb\"},\"inLanguage\":\"sl-SI\",\"potentialAction\":[{\"@type\":\"ReadAction\",\"target\":[\"https:\/\/www.one66hotel.com\/sl\/dogodki\/poslovni-dogodki\/poslovne-zabave\/\"]}]},{\"@type\":\"ImageObject\",\"inLanguage\":\"sl-SI\",\"@id\":\"https:\/\/www.one66hotel.com\/sl\/dogodki\/poslovni-dogodki\/poslovne-zabave\/#primaryimage\",\"url\":\"https:\/\/www.one66hotel.com\/wp-content\/uploads\/Hotel_One66_otvoritev-135_foto_Marko_Delbello_Ocepek.webp\",\"contentUrl\":\"https:\/\/www.one66hotel.com\/wp-content\/uploads\/Hotel_One66_otvoritev-135_foto_Marko_Delbello_Ocepek.webp\",\"width\":1500,\"height\":1000},{\"@type\":\"BreadcrumbList\",\"@id\":\"https:\/\/www.one66hotel.com\/sl\/dogodki\/poslovni-dogodki\/poslovne-zabave\/#breadcrumb\",\"itemListElement\":[{\"@type\":\"ListItem\",\"position\":1,\"name\":\"Home\",\"item\":\"https:\/\/www.one66hotel.com\/sl\/\"},{\"@type\":\"ListItem\",\"position\":2,\"name\":\"Dogodki\",\"item\":\"https:\/\/www.one66hotel.com\/sl\/dogodki\/\"},{\"@type\":\"ListItem\",\"position\":3,\"name\":\"Poslovni dogodki\",\"item\":\"https:\/\/www.one66hotel.com\/sl\/dogodki\/poslovni-dogodki\/\"},{\"@type\":\"ListItem\",\"position\":4,\"name\":\"Poslovne zabave\"}]},{\"@type\":\"WebSite\",\"@id\":\"https:\/\/www.one66hotel.com\/sl\/#website\",\"url\":\"https:\/\/www.one66hotel.com\/sl\/\",\"name\":\"One66 Hotel\",\"description\":\"New and modern hotel in Ljubljana, Slovenia\",\"publisher\":{\"@id\":\"https:\/\/www.one66hotel.com\/sl\/#organization\"},\"alternateName\":\"One66\",\"potentialAction\":[{\"@type\":\"SearchAction\",\"target\":{\"@type\":\"EntryPoint\",\"urlTemplate\":\"https:\/\/www.one66hotel.com\/sl\/?s={search_term_string}\"},\"query-input\":{\"@type\":\"PropertyValueSpecification\",\"valueRequired\":true,\"valueName\":\"search_term_string\"}}],\"inLanguage\":\"sl-SI\"},{\"@type\":\"Organization\",\"@id\":\"https:\/\/www.one66hotel.com\/sl\/#organization\",\"name\":\"One66\",\"alternateName\":\"One66 Hotel\",\"url\":\"https:\/\/www.one66hotel.com\/sl\/\",\"logo\":{\"@type\":\"ImageObject\",\"inLanguage\":\"sl-SI\",\"@id\":\"https:\/\/www.one66hotel.com\/sl\/#\/schema\/logo\/image\/\",\"url\":\"https:\/\/www.one66hotel.com\/wp-content\/uploads\/one66-logo-header.png\",\"contentUrl\":\"https:\/\/www.one66hotel.com\/wp-content\/uploads\/one66-logo-header.png\",\"width\":350,\"height\":219,\"caption\":\"One66\"},\"image\":{\"@id\":\"https:\/\/www.one66hotel.com\/sl\/#\/schema\/logo\/image\/\"},\"sameAs\":[\"https:\/\/www.facebook.com\/one66hotel\/\",\"https:\/\/www.instagram.com\/one66_hotel\/\",\"https:\/\/www.tiktok.com\/@one66hotel\"]}]}<\/script>\n<!-- \/ Yoast SEO plugin. -->","yoast_head_json":{"title":"Poslovne zabave - One66 - Poslovne zabave v stilu","description":"Praznujte mejnike podjetja v slogu v prostorih hotela One66 \u2013 v prilagodljivem ambientu, ki se z lahkoto preobrazi iz poslovnega v zabavnega.","robots":{"index":"index","follow":"follow","max-snippet":"max-snippet:-1","max-image-preview":"max-image-preview:large","max-video-preview":"max-video-preview:-1"},"canonical":"https:\/\/www.one66hotel.com\/sl\/dogodki\/poslovni-dogodki\/poslovne-zabave\/","og_locale":"sl_SI","og_type":"article","og_title":"Poslovne zabave - One66 - Poslovne zabave v stilu","og_description":"Praznujte mejnike podjetja v slogu v prostorih hotela One66 \u2013 v prilagodljivem ambientu, ki se z lahkoto preobrazi iz poslovnega v zabavnega.","og_url":"https:\/\/www.one66hotel.com\/sl\/dogodki\/poslovni-dogodki\/poslovne-zabave\/","og_site_name":"One66","article_publisher":"https:\/\/www.facebook.com\/one66hotel\/","article_modified_time":"2025-06-02T11:26:06+00:00","og_image":[{"width":1500,"height":1000,"url":"https:\/\/www.one66hotel.com\/wp-content\/uploads\/Hotel_One66_otvoritev-135_foto_Marko_Delbello_Ocepek.webp","type":"image\/webp"}],"twitter_card":"summary_large_image","schema":{"@context":"https:\/\/schema.org","@graph":[{"@type":"WebPage","@id":"https:\/\/www.one66hotel.com\/sl\/dogodki\/poslovni-dogodki\/poslovne-zabave\/","url":"https:\/\/www.one66hotel.com\/sl\/dogodki\/poslovni-dogodki\/poslovne-zabave\/","name":"Poslovne zabave - One66 - Poslovne zabave v stilu","isPartOf":{"@id":"https:\/\/www.one66hotel.com\/sl\/#website"},"primaryImageOfPage":{"@id":"https:\/\/www.one66hotel.com\/sl\/dogodki\/poslovni-dogodki\/poslovne-zabave\/#primaryimage"},"image":{"@id":"https:\/\/www.one66hotel.com\/sl\/dogodki\/poslovni-dogodki\/poslovne-zabave\/#primaryimage"},"thumbnailUrl":"https:\/\/www.one66hotel.com\/wp-content\/uploads\/Hotel_One66_otvoritev-135_foto_Marko_Delbello_Ocepek.webp","datePublished":"2025-04-17T10:51:50+00:00","dateModified":"2025-06-02T11:26:06+00:00","description":"Praznujte mejnike podjetja v slogu v prostorih hotela One66 \u2013 v prilagodljivem ambientu, ki se z lahkoto preobrazi iz poslovnega v zabavnega.","breadcrumb":{"@id":"https:\/\/www.one66hotel.com\/sl\/dogodki\/poslovni-dogodki\/poslovne-zabave\/#breadcrumb"},"inLanguage":"sl-SI","potentialAction":[{"@type":"ReadAction","target":["https:\/\/www.one66hotel.com\/sl\/dogodki\/poslovni-dogodki\/poslovne-zabave\/"]}]},{"@type":"ImageObject","inLanguage":"sl-SI","@id":"https:\/\/www.one66hotel.com\/sl\/dogodki\/poslovni-dogodki\/poslovne-zabave\/#primaryimage","url":"https:\/\/www.one66hotel.com\/wp-content\/uploads\/Hotel_One66_otvoritev-135_foto_Marko_Delbello_Ocepek.webp","contentUrl":"https:\/\/www.one66hotel.com\/wp-content\/uploads\/Hotel_One66_otvoritev-135_foto_Marko_Delbello_Ocepek.webp","width":1500,"height":1000},{"@type":"BreadcrumbList","@id":"https:\/\/www.one66hotel.com\/sl\/dogodki\/poslovni-dogodki\/poslovne-zabave\/#breadcrumb","itemListElement":[{"@type":"ListItem","position":1,"name":"Home","item":"https:\/\/www.one66hotel.com\/sl\/"},{"@type":"ListItem","position":2,"name":"Dogodki","item":"https:\/\/www.one66hotel.com\/sl\/dogodki\/"},{"@type":"ListItem","position":3,"name":"Poslovni dogodki","item":"https:\/\/www.one66hotel.com\/sl\/dogodki\/poslovni-dogodki\/"},{"@type":"ListItem","position":4,"name":"Poslovne zabave"}]},{"@type":"WebSite","@id":"https:\/\/www.one66hotel.com\/sl\/#website","url":"https:\/\/www.one66hotel.com\/sl\/","name":"One66 Hotel","description":"New and modern hotel in Ljubljana, Slovenia","publisher":{"@id":"https:\/\/www.one66hotel.com\/sl\/#organization"},"alternateName":"One66","potentialAction":[{"@type":"SearchAction","target":{"@type":"EntryPoint","urlTemplate":"https:\/\/www.one66hotel.com\/sl\/?s={search_term_string}"},"query-input":{"@type":"PropertyValueSpecification","valueRequired":true,"valueName":"search_term_string"}}],"inLanguage":"sl-SI"},{"@type":"Organization","@id":"https:\/\/www.one66hotel.com\/sl\/#organization","name":"One66","alternateName":"One66 Hotel","url":"https:\/\/www.one66hotel.com\/sl\/","logo":{"@type":"ImageObject","inLanguage":"sl-SI","@id":"https:\/\/www.one66hotel.com\/sl\/#\/schema\/logo\/image\/","url":"https:\/\/www.one66hotel.com\/wp-content\/uploads\/one66-logo-header.png","contentUrl":"https:\/\/www.one66hotel.com\/wp-content\/uploads\/one66-logo-header.png","width":350,"height":219,"caption":"One66"},"image":{"@id":"https:\/\/www.one66hotel.com\/sl\/#\/schema\/logo\/image\/"},"sameAs":["https:\/\/www.facebook.com\/one66hotel\/","https:\/\/www.instagram.com\/one66_hotel\/","https:\/\/www.tiktok.com\/@one66hotel"]}]}},"_links":{"self":[{"href":"https:\/\/www.one66hotel.com\/sl\/wp-json\/wp\/v2\/pages\/5914","targetHints":{"allow":["GET"]}}],"collection":[{"href":"https:\/\/www.one66hotel.com\/sl\/wp-json\/wp\/v2\/pages"}],"about":[{"href":"https:\/\/www.one66hotel.com\/sl\/wp-json\/wp\/v2\/types\/page"}],"author":[{"embeddable":true,"href":"https:\/\/www.one66hotel.com\/sl\/wp-json\/wp\/v2\/users\/3"}],"replies":[{"embeddable":true,"href":"https:\/\/www.one66hotel.com\/sl\/wp-json\/wp\/v2\/comments?post=5914"}],"version-history":[{"count":2,"href":"https:\/\/www.one66hotel.com\/sl\/wp-json\/wp\/v2\/pages\/5914\/revisions"}],"predecessor-version":[{"id":8185,"href":"https:\/\/www.one66hotel.com\/sl\/wp-json\/wp\/v2\/pages\/5914\/revisions\/8185"}],"up":[{"embeddable":true,"href":"https:\/\/www.one66hotel.com\/sl\/wp-json\/wp\/v2\/pages\/5637"}],"wp:featuredmedia":[{"embeddable":true,"href":"https:\/\/www.one66hotel.com\/sl\/wp-json\/wp\/v2\/media\/5176"}],"wp:attachment":[{"href":"https:\/\/www.one66hotel.com\/sl\/wp-json\/wp\/v2\/media?parent=5914"}],"curies":[{"name":"wp","href":"https:\/\/api.w.org\/{rel}","templated":true}]}}