{"id":7333,"date":"2025-05-27T21:09:32","date_gmt":"2025-05-27T19:09:32","guid":{"rendered":"https:\/\/www.one66hotel.com\/\/splosni-pogoji\/"},"modified":"2025-08-04T14:15:54","modified_gmt":"2025-08-04T12:15:54","slug":"splosni-pogoji","status":"publish","type":"page","link":"https:\/\/www.one66hotel.com\/sl\/splosni-pogoji\/","title":{"rendered":"Splo\u0161ni pogoji"},"content":{"rendered":"\t\t<div data-elementor-type=\"wp-page\" data-elementor-id=\"7333\" class=\"elementor elementor-7333 elementor-6596\" data-elementor-post-type=\"page\">\n\t\t\t\t<div class=\"elementor-element elementor-element-70f291f standard-container container-cut-b-r mobile-no-cut e-flex e-con-boxed e-con e-parent\" data-id=\"70f291f\" data-element_type=\"container\" data-e-type=\"container\" data-settings=\"{&quot;background_background&quot;:&quot;classic&quot;,&quot;jet_parallax_layout_list&quot;:[]}\">\n\t\t\t\t\t<div class=\"e-con-inner\">\n\t\t\t\t<div class=\"elementor-element elementor-element-a2467bc elementor-widget elementor-widget-heading\" data-id=\"a2467bc\" data-element_type=\"widget\" data-e-type=\"widget\" data-widget_type=\"heading.default\">\n\t\t\t\t<div class=\"elementor-widget-container\">\n\t\t\t\t\t<h1 class=\"elementor-heading-title elementor-size-default\">Splo\u0161ni pogoji<\/h1>\t\t\t\t<\/div>\n\t\t\t\t<\/div>\n\t\t\t\t\t<\/div>\n\t\t\t\t<\/div>\n\t\t<div class=\"elementor-element elementor-element-b114c26 standard-container e-flex e-con-boxed e-con e-parent\" data-id=\"b114c26\" data-element_type=\"container\" data-e-type=\"container\" data-settings=\"{&quot;jet_parallax_layout_list&quot;:[]}\">\n\t\t\t\t\t<div class=\"e-con-inner\">\n\t\t\t\t<div class=\"elementor-element elementor-element-a670a26 elementor-widget elementor-widget-text-editor\" data-id=\"a670a26\" data-element_type=\"widget\" data-e-type=\"widget\" data-widget_type=\"text-editor.default\">\n\t\t\t\t<div class=\"elementor-widget-container\">\n\t\t\t\t\t\t\t\t\t<p><strong>Podatki o podjetju:<\/strong><\/p><p> <\/p><p>GAST GOSTINSTVO D.O.O.<\/p><p>Cesta dveh cesarjev 170<\/p><p>SI \u2013 1000 Ljubljana<\/p><p>Dav\u010dna \u0161tevilka: SI64409783<\/p><p>Mati\u010dna \u0161tevilka: 1798740000<\/p>\t\t\t\t\t\t\t\t<\/div>\n\t\t\t\t<\/div>\n\t\t\t\t<div class=\"elementor-element elementor-element-aed3173 elementor-widget elementor-widget-text-editor\" data-id=\"aed3173\" data-element_type=\"widget\" data-e-type=\"widget\" data-widget_type=\"text-editor.default\">\n\t\t\t\t<div class=\"elementor-widget-container\">\n\t\t\t\t\t\t\t\t\t<p><strong>Podatki o hotelu:<\/strong><\/p><p> <\/p><p>One66 Hotel<\/p><p>Celov\u0161ka cesta 166<\/p><p>SI \u2013 1000 Ljubljana<\/p><p><a href=\"http:\/\/www.one66hotel.com\/\">www.one66hotel.com<\/a><\/p><p>Email: <a href=\"mailto:info@one66hotel.com\">info@one66hotel.com<\/a><\/p><p>Telefon: +386 1 513 47 00, +386 51 601 800<\/p>\t\t\t\t\t\t\t\t<\/div>\n\t\t\t\t<\/div>\n\t\t\t\t<div class=\"elementor-element elementor-element-90b67dd elementor-widget elementor-widget-text-editor\" data-id=\"90b67dd\" data-element_type=\"widget\" data-e-type=\"widget\" data-widget_type=\"text-editor.default\">\n\t\t\t\t<div class=\"elementor-widget-container\">\n\t\t\t\t\t\t\t\t\t<p><strong>Banka:<\/strong><\/p><p> <\/p><p>Addiko Bank d.d., Dunajska cesta 117, SI \u2013 1000 Ljubljana<\/p><p>Transakcijski ra\u010dun: SI56 3300 0000 0308 160<\/p><p>BIC \/ SWIFT code: HAABSI22<\/p>\t\t\t\t\t\t\t\t<\/div>\n\t\t\t\t<\/div>\n\t\t\t\t<div class=\"elementor-element elementor-element-db3c2df elementor-widget elementor-widget-text-editor\" data-id=\"db3c2df\" data-element_type=\"widget\" data-e-type=\"widget\" data-widget_type=\"text-editor.default\">\n\t\t\t\t<div class=\"elementor-widget-container\">\n\t\t\t\t\t\t\t\t\t<p><strong>Dobrodo\u0161li v One66 hotelu \u2013 va\u0161em najbolj\u0161em prijatelju v Ljubljani! Zahvaljujemo sem vam za rezervacijo, ob tem bi vas radi seznanili z na\u0161imi splo\u0161nimi pogoji poslovanja. <\/strong><\/p>\n<p><strong> Pla\u010dilo<\/strong><\/p>\n<ul>\n<li>Za garancijo va\u0161e rezervacije je potrebna veljavna kreditna kartica. V skladu s standardnim pravilnikom hotela o rezervacijah se va\u0161e kreditne kartice ne bremeni. Podatki o kreditni kartici se posredujejo le za namene potrditve rezervacije in pred va\u0161im prihodom kartice ne bomo bremenili, razen v primeru pozne odpovedi, neprihoda, vnaprej pla\u010danih rezervacij.<\/li>\n<li>Sprejemamo naslednje kartice: Visa, Euro\/Mastercard in Maestro. Hotel si pridr\u017euje pravico do pred-avtorizacije kreditnih kartic pred prihodom.<\/li>\n<li>Vnaprej\u0161nje pla\u010dilo za goste brez kreditne kartice se sprejema na TRR podjetja najkasneje 3 dni pred prijavo v hotel.<\/li>\n<\/ul>\n<p><strong>Prijava\/odjava gostov:<\/strong><\/p>\n<p><strong>Prijava: od 15:00 \u2013 24:00<\/strong><\/p>\n<p><strong> odjava: do 11:00<\/strong><\/p>\n<ul>\n<li>Rezervirano sobo za gosta dr\u017eimo na dan prihoda do 24. ure. V primeru kasnej\u0161ega prihoda je gost dol\u017ean pred\u010dasno obvestiti hotel \u2013 najkasneje do 24. ure na dan prihoda. V kolikor gost ne seznani hotela pravo\u010dasno, hotel ni dol\u017ean dr\u017eati sobe za gosta, prav tako ima pravico gostu zara\u010dunati stro\u0161ke neprihoda.<\/li>\n<li>Zgodnja prijava ali pozna odjava sta mo\u017eni izklju\u010dno glede na razpolo\u017eljivost sob in po predhodnem dogovoru z recepcijskim osebjem. Odhodi po 11.00 uri se zara\u010dunajo v 50% vrednosti no\u010ditve do 18. ure. Odjava iz hotela po 18.00 uri se zara\u010duna v celotni vrednosti no\u010ditve.<\/li>\n<\/ul>\n<p><strong>Parkirni prostor<\/strong><\/p>\n<ul>\n<li>Hotelska parkiri\u0161\u010da: na voljo je omejeno \u0161tevilo parkirnih mest za hotelske goste. Parkiri\u0161\u010da se nahajajo pred in za objektom One66, na naslovu Celov\u0161ka 166. Parkir\u0161\u010de se ra\u010duna 10eur\/dan. Rezervacija parkirnih mest ni mo\u017ena.<\/li>\n<li>Parkri\u0161\u010de \u201cCelov\u0161ka 173\u201d: po zapolnitvi parkirnih mest pred hotelom One66 gostom priporo\u010damo parkiri\u0161\u010de nasproti hotela na Celov\u0161ki cesti. Parkiri\u0161\u010de je od hotela oddaljeno 150 metrov. Parkiranje je za goste hotela brezpla\u010dno.<\/li>\n<li>Tretja mo\u017enost so parkiri\u0161\u010da pri nakupovalnem sredi\u0161\u010du Aleja, Raku\u0161eva ulica 1. Parkiri\u0161\u010de je od hotela oddaljeno 150 metrov. Prve tri ure je parkiranje brezpla\u010dno, pozneje je treba pla\u010dati 1,50 evra na uro ali 20 evrov za 24 ur.<\/li>\n<\/ul>\n<p><strong>Turisti\u010dna taksa<\/strong><\/p>\n<ul>\n<li>Turisti\u010dna taksa ni vklju\u010dena v ceno no\u010ditve in zna\u0161a za starej\u0161e od 18 let: 3,13 eur na no\u010d, za otroke med 7. in 16,99 letom starosti: 1,57 eur na no\u010d; otroci stari do 6,99 eur so opro\u0161\u010deni pla\u010dila turisti\u010dne takse<\/li>\n<li>Pri rezervaciji po e-po\u0161ti, telefonu ali katerem koli drugem kanalu navedite \u0161tevilo oseb, ki bodo dejansko bivale v sobi, ne glede na njihovo starost.<\/li>\n<li>Da bi bilo va\u0161e bivanje v hotelu \u010dim bolj prijetno, morajo hotelski gostje v sobah in drugi gostje v vseh skupnih prostorih spo\u0161tovati mir in \u010das za po\u010ditek od 22.00 do 6.00.<\/li>\n<\/ul>\n<p><strong>Prijava v hotel<\/strong><\/p>\n<ul>\n<li>Iz varnostnih razlogov morajo gostje ob prijavi imeti s seboj veljaven osebni dokument (osebna izkaznica ali potni list). Gost mora podati podatke kreditne kartice, ki veljajo kot garancija. V kolikor je gost podatke posredoval \u017ee pri rezervaciji, podatke posreduje ob prihodu ponovno iz varnostnih razlogov. Kreditna kartica mora biti fizi\u010dno prisotna. Podatki kreditne kartice se hranijo do 5 dni po odhodu gosta iz hotela. Po tem datumu se podatki uni\u010dijo. V primeru izjemnih storitev, ima hotel pravico<\/li>\n<li>bremeniti kreditno kartico gosta, ki je navedena za garancijo to\u010dno dolo\u010denih sob in \u010dasa bivanja na registracijskih obrazcih. V primeru, da gost nima kreditne kartice, mora polo\u017eiti garancijo v gotovini, v vrednosti 100\u20ac. Le-ta se gostu na dan odhoda vrne, v kolikor ni neporavnanih storitev in drugih nastalih stro\u0161kov.<\/li>\n<\/ul>\n<p><strong>Pogoji in politika odpovedi rezervacij<\/strong><\/p>\n<p>Za odpovedi v primeru potrjene rezervacije si hotel pridru\u017euje pravico zara\u010dunavanja stro\u0161kov odpovedi:<\/p>\n<p>SKUPINE:<\/p>\n<p>30 do 28 dni pred prihodom: 25 % stro\u0161kov odpovedi<\/p>\n<p>27 do 8 dni pred prihodom: 50 % stro\u0161kov odpovedi<\/p>\n<p>7 do 2 dni pred prihodom: 65 % stro\u0161kov odpovedi<\/p>\n<p>2 do 1 dan pred prihodom: 80 % stro\u0161kov odpovedi<\/p>\n<p>na dan prihoda: 100 % stro\u0161ki odpovedi<\/p>\n<p>POSAMEZNIKI:<\/p>\n<ul>\n<li>Gost lahko brezpla\u010dno odpove rezervacijo do 3 dni pred prihodom. V primeru odpovedi v 3 dneh pred prihodom gosta zara\u010dunamo celotno ceno rezervacije. \u010ce se gost ne pojavi na dan prihoda, se mu zara\u010duna celotna cena rezervacije.<\/li>\n<\/ul>\n<p><strong>Dopla\u010dila in popusti za osebe na dodatnih le\u017ei\u0161\u010dih<\/strong><\/p>\n<ul>\n<li>Dopla\u010dilo za otro\u0161ko posteljico (do 15 kg) zna\u0161a 10 eur na no\u010d. Preno\u010ditev na izvle\u010dnem dodatnem le\u017ei\u0161\u010du v apartmaju zna\u0161a 10 eur na no\u010d, na osebo. Otroci do 5,99 let so opravi\u010deni pla\u010dila, otrokom od 6 do 11,99 let obra\u010dunamo 50% popusta.<\/li>\n<\/ul>\n<p><strong>Dodatna ponudba v hotelu<\/strong><\/p>\n<ul>\n<li>Dodana hotelska ponudba je na voljo le na povpra\u0161evanje in v primeru razpolo\u017eljivosti (kolo, e-skiro, PS5 game room, masa\u017ea\u2026.)<\/li>\n<\/ul>\n<p><strong>Hi\u0161ni ljubljen\u010dki<\/strong><\/p>\n<ul>\n<li>Hi\u0161ni ljubljen\u010dki, do 25 kg, so v objektu dovoljeni. Dnevno dopla\u010dilo za njihovo bivanje zna\u0161a 20 eur.<\/li>\n<\/ul>\n<p><strong>Kajenje<\/strong><\/p>\n<ul>\n<li>Kajenje v objektu je strogo prepovedano. Vse hotelske sobe so nekadilske. V primeru kr\u0161itve tega hotelskega pravila, gostu zara\u010dunamo dodatno \u010di\u0161\u010denje v vi\u0161ini 100 eur.<\/li>\n<li>Hotelski gost lahko kadi na zunanjih povr\u0161inah hotela (terasa hotelskega bar, pred sprednjim ali zadnjim vhodom v objekt)<\/li>\n<\/ul>\n<p><strong>Zajtrk<\/strong><\/p>\n<ul>\n<li>V hotelski restavraciji je na voljo zajtrk od 7. do 10.30 ure: a-la-carte, bifejski zajtrk<\/li>\n<li>Sobna postre\u017eba je na voljo do 22. ure.<\/li>\n<li>Restavracija je odprta vsak dan do 23. ure.<\/li>\n<\/ul>\n<p><strong>Hotelska lastnina<\/strong><\/p>\n<ul>\n<li>Gost je dol\u017ean skrbeti za lastnino hotela kot za lastno lastnino. V primeru po\u0161kodovanja ali izgube gostu zara\u010dunamo stro\u0161ek povzro\u010dene \u0161kode.<br>Gost vse pogoje pogodbe\/ponudbe o bivanju, obveznosti za stro\u0161ke, povezane z najemom sobe in ostalimi storitvami ter morebitno \u0161kodo, ki presega obi\u010dajno obrabo med trajanjem najema.<\/li>\n<\/ul>\n<p><strong>Varovanje osebnih podatkov in zaupnost podatkov<\/strong><\/p>\n<ul>\n<li>Hotel izpolnjuje pravila o zaupnosti in deluje v skladu z varovanjem osebnih podatkov. Ob prijavi v hotel mora gost predlo\u017eiti veljaven osebni dokument s fotografijo, iz katerega za nadaljnje delo receptor uporabi naslednje podatke: ime in priimek gosta, datum rojstva, spol in dr\u017eavljanstvo. Enake podatke receptor potrebuje tudi od spremljajo\u010dih gostov. Osebni podatki se uporabljajo za rezervacijo sob, pla\u010dilo in za prijavo na policijo (Ajpes), ki je zakonsko obvezna. Ob prijavi v hotelu receptor preveri tudi \u0161tevilko in veljavnost kreditne kartice.<\/li>\n<\/ul>\n<p><strong>Za dodatna vpra\u0161anja nas lahko kontaktirate na telefon +386 1 513 47 00 \/\/ +386 51 601 800 ali na mail:<\/strong> <a href=\"mailto:info@one66hotel.com\"><strong>info@one66hotel.com<\/strong><\/a><strong>.<\/strong><\/p>\n<p><strong>Veselimo se va\u0161ega obiska in vam \u017eelimo prijetno bivanje pri nas.<\/strong><\/p>\t\t\t\t\t\t\t\t<\/div>\n\t\t\t\t<\/div>\n\t\t\t\t\t<\/div>\n\t\t\t\t<\/div>\n\t\t\t\t<\/div>\n\t\t","protected":false},"excerpt":{"rendered":"<p>Splo\u0161ni pogoji Podatki o podjetju: GAST GOSTINSTVO D.O.O. Cesta dveh cesarjev 170 SI \u2013 1000 Ljubljana Dav\u010dna \u0161tevilka: SI64409783 Mati\u010dna \u0161tevilka: 1798740000 Podatki o hotelu: One66 Hotel Celov\u0161ka cesta 166 SI \u2013 1000 Ljubljana www.one66hotel.com Email: info@one66hotel.com Telefon: +386 1 513 47 00, +386 51 601 800 Banka: Addiko Bank d.d., Dunajska cesta 117, SI [&hellip;]<\/p>\n","protected":false},"author":6,"featured_media":0,"parent":0,"menu_order":0,"comment_status":"closed","ping_status":"closed","template":"","meta":{"footnotes":""},"class_list":["post-7333","page","type-page","status-publish","hentry"],"yoast_head":"<!-- This site is optimized with the Yoast SEO plugin v26.9 - https:\/\/yoast.com\/product\/yoast-seo-wordpress\/ -->\n<title>Splo\u0161ni pogoji - One66<\/title>\n<meta name=\"robots\" content=\"index, follow, max-snippet:-1, max-image-preview:large, max-video-preview:-1\" \/>\n<link rel=\"canonical\" href=\"https:\/\/www.one66hotel.com\/sl\/splosni-pogoji\/\" \/>\n<meta property=\"og:locale\" content=\"sl_SI\" \/>\n<meta property=\"og:type\" content=\"article\" \/>\n<meta property=\"og:title\" content=\"Splo\u0161ni pogoji - One66\" \/>\n<meta property=\"og:description\" content=\"Splo\u0161ni pogoji Podatki o podjetju: GAST GOSTINSTVO D.O.O. Cesta dveh cesarjev 170 SI \u2013 1000 Ljubljana Dav\u010dna \u0161tevilka: SI64409783 Mati\u010dna \u0161tevilka: 1798740000 Podatki o hotelu: One66 Hotel Celov\u0161ka cesta 166 SI \u2013 1000 Ljubljana www.one66hotel.com Email: info@one66hotel.com Telefon: +386 1 513 47 00, +386 51 601 800 Banka: Addiko Bank d.d., Dunajska cesta 117, SI [&hellip;]\" \/>\n<meta property=\"og:url\" content=\"https:\/\/www.one66hotel.com\/sl\/splosni-pogoji\/\" \/>\n<meta property=\"og:site_name\" content=\"One66\" \/>\n<meta property=\"article:publisher\" content=\"https:\/\/www.facebook.com\/one66hotel\/\" \/>\n<meta property=\"article:modified_time\" content=\"2025-08-04T12:15:54+00:00\" \/>\n<meta property=\"og:image\" content=\"https:\/\/www.one66hotel.com\/wp-content\/uploads\/Hotel-One66-entrance.webp\" \/>\n\t<meta property=\"og:image:width\" content=\"1200\" \/>\n\t<meta property=\"og:image:height\" content=\"628\" \/>\n\t<meta property=\"og:image:type\" content=\"image\/webp\" \/>\n<meta name=\"twitter:card\" content=\"summary_large_image\" \/>\n<meta name=\"twitter:label1\" content=\"Est. reading time\" \/>\n\t<meta name=\"twitter:data1\" content=\"6 minut\" \/>\n<script type=\"application\/ld+json\" class=\"yoast-schema-graph\">{\"@context\":\"https:\/\/schema.org\",\"@graph\":[{\"@type\":\"WebPage\",\"@id\":\"https:\/\/www.one66hotel.com\/sl\/splosni-pogoji\/\",\"url\":\"https:\/\/www.one66hotel.com\/sl\/splosni-pogoji\/\",\"name\":\"Splo\u0161ni pogoji - One66\",\"isPartOf\":{\"@id\":\"https:\/\/www.one66hotel.com\/sl\/#website\"},\"datePublished\":\"2025-05-27T19:09:32+00:00\",\"dateModified\":\"2025-08-04T12:15:54+00:00\",\"breadcrumb\":{\"@id\":\"https:\/\/www.one66hotel.com\/sl\/splosni-pogoji\/#breadcrumb\"},\"inLanguage\":\"sl-SI\",\"potentialAction\":[{\"@type\":\"ReadAction\",\"target\":[\"https:\/\/www.one66hotel.com\/sl\/splosni-pogoji\/\"]}]},{\"@type\":\"BreadcrumbList\",\"@id\":\"https:\/\/www.one66hotel.com\/sl\/splosni-pogoji\/#breadcrumb\",\"itemListElement\":[{\"@type\":\"ListItem\",\"position\":1,\"name\":\"Home\",\"item\":\"https:\/\/www.one66hotel.com\/sl\/\"},{\"@type\":\"ListItem\",\"position\":2,\"name\":\"Splo\u0161ni pogoji\"}]},{\"@type\":\"WebSite\",\"@id\":\"https:\/\/www.one66hotel.com\/sl\/#website\",\"url\":\"https:\/\/www.one66hotel.com\/sl\/\",\"name\":\"One66 Hotel\",\"description\":\"New and modern hotel in Ljubljana, Slovenia\",\"publisher\":{\"@id\":\"https:\/\/www.one66hotel.com\/sl\/#organization\"},\"alternateName\":\"One66\",\"potentialAction\":[{\"@type\":\"SearchAction\",\"target\":{\"@type\":\"EntryPoint\",\"urlTemplate\":\"https:\/\/www.one66hotel.com\/sl\/?s={search_term_string}\"},\"query-input\":{\"@type\":\"PropertyValueSpecification\",\"valueRequired\":true,\"valueName\":\"search_term_string\"}}],\"inLanguage\":\"sl-SI\"},{\"@type\":\"Organization\",\"@id\":\"https:\/\/www.one66hotel.com\/sl\/#organization\",\"name\":\"One66\",\"alternateName\":\"One66 Hotel\",\"url\":\"https:\/\/www.one66hotel.com\/sl\/\",\"logo\":{\"@type\":\"ImageObject\",\"inLanguage\":\"sl-SI\",\"@id\":\"https:\/\/www.one66hotel.com\/sl\/#\/schema\/logo\/image\/\",\"url\":\"https:\/\/www.one66hotel.com\/wp-content\/uploads\/one66-logo-header.png\",\"contentUrl\":\"https:\/\/www.one66hotel.com\/wp-content\/uploads\/one66-logo-header.png\",\"width\":350,\"height\":219,\"caption\":\"One66\"},\"image\":{\"@id\":\"https:\/\/www.one66hotel.com\/sl\/#\/schema\/logo\/image\/\"},\"sameAs\":[\"https:\/\/www.facebook.com\/one66hotel\/\",\"https:\/\/www.instagram.com\/one66_hotel\/\",\"https:\/\/www.tiktok.com\/@one66hotel\"]}]}<\/script>\n<!-- \/ Yoast SEO plugin. -->","yoast_head_json":{"title":"Splo\u0161ni pogoji - One66","robots":{"index":"index","follow":"follow","max-snippet":"max-snippet:-1","max-image-preview":"max-image-preview:large","max-video-preview":"max-video-preview:-1"},"canonical":"https:\/\/www.one66hotel.com\/sl\/splosni-pogoji\/","og_locale":"sl_SI","og_type":"article","og_title":"Splo\u0161ni pogoji - One66","og_description":"Splo\u0161ni pogoji Podatki o podjetju: GAST GOSTINSTVO D.O.O. Cesta dveh cesarjev 170 SI \u2013 1000 Ljubljana Dav\u010dna \u0161tevilka: SI64409783 Mati\u010dna \u0161tevilka: 1798740000 Podatki o hotelu: One66 Hotel Celov\u0161ka cesta 166 SI \u2013 1000 Ljubljana www.one66hotel.com Email: info@one66hotel.com Telefon: +386 1 513 47 00, +386 51 601 800 Banka: Addiko Bank d.d., Dunajska cesta 117, SI [&hellip;]","og_url":"https:\/\/www.one66hotel.com\/sl\/splosni-pogoji\/","og_site_name":"One66","article_publisher":"https:\/\/www.facebook.com\/one66hotel\/","article_modified_time":"2025-08-04T12:15:54+00:00","og_image":[{"width":1200,"height":628,"url":"https:\/\/www.one66hotel.com\/wp-content\/uploads\/Hotel-One66-entrance.webp","type":"image\/webp"}],"twitter_card":"summary_large_image","twitter_misc":{"Est. reading time":"6 minut"},"schema":{"@context":"https:\/\/schema.org","@graph":[{"@type":"WebPage","@id":"https:\/\/www.one66hotel.com\/sl\/splosni-pogoji\/","url":"https:\/\/www.one66hotel.com\/sl\/splosni-pogoji\/","name":"Splo\u0161ni pogoji - One66","isPartOf":{"@id":"https:\/\/www.one66hotel.com\/sl\/#website"},"datePublished":"2025-05-27T19:09:32+00:00","dateModified":"2025-08-04T12:15:54+00:00","breadcrumb":{"@id":"https:\/\/www.one66hotel.com\/sl\/splosni-pogoji\/#breadcrumb"},"inLanguage":"sl-SI","potentialAction":[{"@type":"ReadAction","target":["https:\/\/www.one66hotel.com\/sl\/splosni-pogoji\/"]}]},{"@type":"BreadcrumbList","@id":"https:\/\/www.one66hotel.com\/sl\/splosni-pogoji\/#breadcrumb","itemListElement":[{"@type":"ListItem","position":1,"name":"Home","item":"https:\/\/www.one66hotel.com\/sl\/"},{"@type":"ListItem","position":2,"name":"Splo\u0161ni pogoji"}]},{"@type":"WebSite","@id":"https:\/\/www.one66hotel.com\/sl\/#website","url":"https:\/\/www.one66hotel.com\/sl\/","name":"One66 Hotel","description":"New and modern hotel in Ljubljana, Slovenia","publisher":{"@id":"https:\/\/www.one66hotel.com\/sl\/#organization"},"alternateName":"One66","potentialAction":[{"@type":"SearchAction","target":{"@type":"EntryPoint","urlTemplate":"https:\/\/www.one66hotel.com\/sl\/?s={search_term_string}"},"query-input":{"@type":"PropertyValueSpecification","valueRequired":true,"valueName":"search_term_string"}}],"inLanguage":"sl-SI"},{"@type":"Organization","@id":"https:\/\/www.one66hotel.com\/sl\/#organization","name":"One66","alternateName":"One66 Hotel","url":"https:\/\/www.one66hotel.com\/sl\/","logo":{"@type":"ImageObject","inLanguage":"sl-SI","@id":"https:\/\/www.one66hotel.com\/sl\/#\/schema\/logo\/image\/","url":"https:\/\/www.one66hotel.com\/wp-content\/uploads\/one66-logo-header.png","contentUrl":"https:\/\/www.one66hotel.com\/wp-content\/uploads\/one66-logo-header.png","width":350,"height":219,"caption":"One66"},"image":{"@id":"https:\/\/www.one66hotel.com\/sl\/#\/schema\/logo\/image\/"},"sameAs":["https:\/\/www.facebook.com\/one66hotel\/","https:\/\/www.instagram.com\/one66_hotel\/","https:\/\/www.tiktok.com\/@one66hotel"]}]}},"_links":{"self":[{"href":"https:\/\/www.one66hotel.com\/sl\/wp-json\/wp\/v2\/pages\/7333","targetHints":{"allow":["GET"]}}],"collection":[{"href":"https:\/\/www.one66hotel.com\/sl\/wp-json\/wp\/v2\/pages"}],"about":[{"href":"https:\/\/www.one66hotel.com\/sl\/wp-json\/wp\/v2\/types\/page"}],"author":[{"embeddable":true,"href":"https:\/\/www.one66hotel.com\/sl\/wp-json\/wp\/v2\/users\/6"}],"replies":[{"embeddable":true,"href":"https:\/\/www.one66hotel.com\/sl\/wp-json\/wp\/v2\/comments?post=7333"}],"version-history":[{"count":6,"href":"https:\/\/www.one66hotel.com\/sl\/wp-json\/wp\/v2\/pages\/7333\/revisions"}],"predecessor-version":[{"id":8715,"href":"https:\/\/www.one66hotel.com\/sl\/wp-json\/wp\/v2\/pages\/7333\/revisions\/8715"}],"wp:attachment":[{"href":"https:\/\/www.one66hotel.com\/sl\/wp-json\/wp\/v2\/media?parent=7333"}],"curies":[{"name":"wp","href":"https:\/\/api.w.org\/{rel}","templated":true}]}}